{"id":3121,"date":"2022-02-14T14:08:43","date_gmt":"2022-02-14T14:08:43","guid":{"rendered":"https:\/\/cognito.mprinsdesign.nl\/?page_id=3121"},"modified":"2024-08-29T12:25:11","modified_gmt":"2024-08-29T12:25:11","slug":"mehr-informationen","status":"publish","type":"page","link":"https:\/\/mijas-homes.com\/de\/mehr-informationen\/","title":{"rendered":"Mehr Informationen"},"content":{"rendered":"<section class=\"wpb-content-wrapper\">\n<div  class=\"content_row row page-content margin-between contact-form-row vc_row wpb_row  default-style fullwidth\" >\n\t\n\t<div class=\"content_row_wrapper  default\" style=\"padding-top:50px;padding-bottom:50px;\"><div id=\"asdasd\" class=\"vc_col-sm-6 wpb_column vc_column_container\" >\n\t<div class=\"vc_column-inner\">\n\t\t<div class=\"wpb_wrapper\" >\n\t\t\t\n<div  class=\"content_row row contact-informatie-row vc_row vc_inner vc_row-fluid global-style fullwidth\" style=\"background-color: #baad85;\">\n\t\n\t<div class=\"content_row_wrapper  default\" style=\"padding-top:10px;padding-bottom:20px;padding-left:20px;padding-right:20px;\">\n\t<div class=\"vc_col-sm-12 wpb_column vc_column_container\" >\n\t<div class=\"vc_column-inner\">\n\t\t<div class=\"wpb_wrapper\" >\n\t\t\t<div class=\"rt_heading_wrapper style-3\">\n\t\t\t\t\t\t<h1 class=\"rt_heading  style-3\"  style=\"font-size:24px;margin-top:24px;margin-bottom:0px;\">Mehr Informationen - <span class=\"after_h1 white\">Mijas H\u00e4user<\/span><\/h1> \n\t\t\t\t\t<\/div>\n\t<div class=\"wpb_text_column wpb_content_element  meer-info white\" >\n\t\t<div class=\"wpb_wrapper\">\n\t\t\t<p>Weitere Informationen hierzu finden Sie hier <span style=\"font-weight: 400;\">exklusive Entwicklung in Mijas, in der N\u00e4he von Marbella im Herzen der Costa del Sol, a<\/span>Dann z\u00f6gern Sie nicht und fordern Sie das Informationspaket mit der aktuellen Preisliste, Grundrissen und der Brosch\u00fcre mit detaillierten Informationen an.<\/p>\n<ul>\n<li>Brosch\u00fcre Mijas Homes<\/li>\n<li>Karte der verf\u00fcgbaren H\u00e4user<\/li>\n<li>die aktuelle Preisliste<\/li>\n<\/ul>\n<p>Im Anschluss laden wir Sie \u2013 bei Interesse \u2013 zu einem pers\u00f6nlichen Videoanruf ein, in dem Sie neben einer ausf\u00fchrlichen Pr\u00e4sentation alle Ihre pers\u00f6nlichen Fragen stellen k\u00f6nnen. Der n\u00e4chste Schritt ist ein Besuch vor Ort. Dadurch erhalten Sie einen guten Eindruck, anhand dessen Sie eine Entscheidung treffen k\u00f6nnen.<\/p>\n\n\t\t<\/div>\n\t<\/div>\n\n\t\t<\/div>\n\t<\/div>\n\t<\/div>\n\n<\/div>\n<\/div>\n\n\t\t<\/div>\n\t<\/div>\n\t<\/div>\n\n\t<div id=\"asdasd\" class=\"vc_col-sm-6 wpb_column vc_column_container\" >\n\t<div class=\"vc_column-inner\">\n\t\t<div class=\"wpb_wrapper\" >\n\t\t\t\n<div  class=\"content_row row vc_row vc_inner vc_row-fluid global-style fullwidth\" >\n\t\n\t<div class=\"content_row_wrapper  default\" style=\"padding-top:10px;padding-bottom:20px;padding-left:20px;padding-right:20px;\">\n\t<div class=\"vc_col-sm-12 wpb_column vc_column_container\" >\n\t<div class=\"vc_column-inner\">\n\t\t<div class=\"wpb_wrapper\" >\n\t\t\t<div class=\"rt_heading_wrapper style-3\">\n\t\t\t\t\t\t<h1 class=\"rt_heading  style-3\"  style=\"font-size:24px;margin-top:24px;margin-bottom:0px;\">Mehr Info - <span class=\"after_h1\">Mijas H\u00e4user<\/span><\/h1> \n\t\t\t\t\t<\/div>\n\t<div class=\"wpb_text_column wpb_content_element\" >\n\t\t<div class=\"wpb_wrapper\">\n\t\t\t<div class=\"contact-form\">\n    <form id=\"cc-contact-form\" method=\"POST\" action=\"\">\n                <div class=\"split-contact\">\n            <article class=\"contact-row\">\n                <label><strong> Name <\/strong>(verpflichtet)<\/label>\n                                <input type=\"text\" name=\"cc-name\" id=\"name\" value=\"\" required>\n            <\/article>\n            <article class=\"contact-row\">\n                <label><strong> Email <\/strong>(verpflichtet)<\/label>\n                                <input type=\"text\" name=\"cc-email\" id=\"email\" value=\"\" required>\n            <\/article>\n        <\/div>\n        <article class=\"contact-row\">\n            <label><strong> Adresse <\/strong><\/label>\n            <input type=\"text\" name=\"cc-address\" id=\"address\" value=\"\" required>\n        <\/article>\n        <div class=\"split-contact\">\n            <article class=\"contact-row\">\n                <label><strong> Residenz <\/strong><\/label>\n                <input type=\"text\" name=\"cc-city\" id=\"city\" value=\"\" required>\n            <\/article>\n\n            <article class=\"contact-row\">\n                <label><strong> Land <\/strong><\/label>\n                <input type=\"text\" name=\"cc-country\" id=\"country\" value=\"\" required>\n            <\/article>\n        <\/div>\n        <article class=\"contact-row\">\n            <label><strong> Telefonnummer <\/strong>(verpflichtet)<\/label>\n                        <input type=\"text\" name=\"cc-phone\" id=\"phone\" value=\"\" required>\n        <\/article>\n        <article class=\"contact-row\">\n            <label class=\"privacy-check\">\n                <input type=\"checkbox\" name=\"cc-video\" id=\"video\" value=\"on\" required>\n                Ich m\u00f6chte einen Termin f\u00fcr ein Videogespr\u00e4ch (Besichtigung) vereinbaren\n            <\/label>\n        <\/article>\n        <article class=\"contact-row\">\n            <label><strong> Kommentare <\/strong><\/label>\n            <textarea \n                name=\"cc-comments\" \n                id=\"comments\" \n                required\n\t\t\t placeholder=\"Geben Sie hier beispielsweise an, ob Sie bestimmte Informationen erhalten m\u00f6chten. Sind Sie kurzfristig hier? Bitte informieren Sie uns \u00fcber unsere Planung.\"\n\t\t                rows=\"6\"\n            ><\/textarea>\n        <\/article>\n        <article class=\"contact-row\">\n                        <label class=\"privacy-check\">\n                <input type=\"checkbox\" name=\"cc-privacy\" id=\"privacy\" required>\n                Ich stimme dem zu <a href=\"\/de\/datenschutzrichtlinie\/\">Datenschutzrichtlinie<\/a>.\n            <\/label>\n        <\/article>\n        <article class=\"contact-row\">\n            <label type=\"hidden\" id=\"captcha-label\" style=\"display: none; color: red;\"><\/label>\n            <input id='recaptcha' class=\"g-recaptcha\" type=\"submit\" value=\"Schicken\" data-sitekey=\"6LeoCRIgAAAAAFGEHBimhbu4Ac0qLhPJSwqTq9Rq\" data-callback=\"ccSubmit\" data-action=\"submit\">\n        <\/article>\n    <input type=\"hidden\" name=\"trp-form-language\" value=\"de\"\/><\/form>\n<\/div>\n<script>\n    function ccSubmit(token) {\n        document.getElementById(\"cc-contact-form\").submit();\n    }\n<\/script>\n\n\n\t\t<\/div>\n\t<\/div>\n\n\t\t<\/div>\n\t<\/div>\n\t<\/div>\n\n<\/div>\n<\/div>\n\n\t\t<\/div>\n\t<\/div>\n\t<\/div>\n<\/div>\n<\/div>\n\n<\/section>","protected":false},"excerpt":{"rendered":"<p>\u2026 <a class=\"more-link\" href=\"https:\/\/mijas-homes.com\/de\/mehr-informationen\/\">Weiterlesen<\/a><\/p>","protected":false},"author":1,"featured_media":4423,"parent":0,"menu_order":6,"comment_status":"closed","ping_status":"closed","template":"","meta":{"footnotes":""},"class_list":["post-3121","page","type-page","status-publish","has-post-thumbnail","hentry"],"yoast_head":"<!-- This site is optimized with the Yoast SEO plugin v27.6 - https:\/\/yoast.com\/product\/yoast-seo-wordpress\/ -->\n<title>Meer informatie - Mijas Homes<\/title>\n<meta name=\"robots\" content=\"index, follow, max-snippet:-1, max-image-preview:large, max-video-preview:-1\" \/>\n<link rel=\"canonical\" href=\"https:\/\/mijas-homes.com\/de\/mehr-informationen\/\" \/>\n<meta property=\"og:locale\" content=\"de_DE\" \/>\n<meta property=\"og:type\" content=\"article\" \/>\n<meta property=\"og:title\" content=\"Meer informatie - Mijas Homes\" \/>\n<meta property=\"og:url\" content=\"https:\/\/mijas-homes.com\/de\/mehr-informationen\/\" \/>\n<meta property=\"og:site_name\" content=\"Mijas Homes\" \/>\n<meta property=\"article:modified_time\" content=\"2024-08-29T12:25:11+00:00\" \/>\n<meta property=\"og:image\" content=\"https:\/\/mijas-homes.com\/wp-content\/uploads\/sites\/36\/2022\/04\/Mijas_Homes_Living.jpg\" \/>\n\t<meta property=\"og:image:width\" content=\"1080\" \/>\n\t<meta property=\"og:image:height\" content=\"612\" \/>\n\t<meta property=\"og:image:type\" content=\"image\/jpeg\" \/>\n<meta name=\"twitter:card\" content=\"summary_large_image\" \/>\n<meta name=\"twitter:label1\" content=\"Gesch\u00e4tzte Lesezeit\" \/>\n\t<meta name=\"twitter:data1\" content=\"2\u00a0Minuten\" \/>\n<script type=\"application\/ld+json\" class=\"yoast-schema-graph\">{\"@context\":\"https:\\\/\\\/schema.org\",\"@graph\":[{\"@type\":\"WebPage\",\"@id\":\"https:\\\/\\\/mijas-homes.com\\\/meer-informatie\\\/\",\"url\":\"https:\\\/\\\/mijas-homes.com\\\/meer-informatie\\\/\",\"name\":\"Meer informatie - Mijas Homes\",\"isPartOf\":{\"@id\":\"https:\\\/\\\/mijas-homes.com\\\/#website\"},\"primaryImageOfPage\":{\"@id\":\"https:\\\/\\\/mijas-homes.com\\\/meer-informatie\\\/#primaryimage\"},\"image\":{\"@id\":\"https:\\\/\\\/mijas-homes.com\\\/meer-informatie\\\/#primaryimage\"},\"thumbnailUrl\":\"https:\\\/\\\/mijas-homes.com\\\/wp-content\\\/uploads\\\/sites\\\/36\\\/2022\\\/04\\\/Mijas_Homes_Living.jpg\",\"datePublished\":\"2022-02-14T14:08:43+00:00\",\"dateModified\":\"2024-08-29T12:25:11+00:00\",\"breadcrumb\":{\"@id\":\"https:\\\/\\\/mijas-homes.com\\\/meer-informatie\\\/#breadcrumb\"},\"inLanguage\":\"de\",\"potentialAction\":[{\"@type\":\"ReadAction\",\"target\":[\"https:\\\/\\\/mijas-homes.com\\\/meer-informatie\\\/\"]}]},{\"@type\":\"ImageObject\",\"inLanguage\":\"de\",\"@id\":\"https:\\\/\\\/mijas-homes.com\\\/meer-informatie\\\/#primaryimage\",\"url\":\"https:\\\/\\\/mijas-homes.com\\\/wp-content\\\/uploads\\\/sites\\\/36\\\/2022\\\/04\\\/Mijas_Homes_Living.jpg\",\"contentUrl\":\"https:\\\/\\\/mijas-homes.com\\\/wp-content\\\/uploads\\\/sites\\\/36\\\/2022\\\/04\\\/Mijas_Homes_Living.jpg\",\"width\":1080,\"height\":612},{\"@type\":\"BreadcrumbList\",\"@id\":\"https:\\\/\\\/mijas-homes.com\\\/meer-informatie\\\/#breadcrumb\",\"itemListElement\":[{\"@type\":\"ListItem\",\"position\":1,\"name\":\"Home\",\"item\":\"https:\\\/\\\/mijas-homes.com\\\/\"},{\"@type\":\"ListItem\",\"position\":2,\"name\":\"Meer informatie\"}]},{\"@type\":\"WebSite\",\"@id\":\"https:\\\/\\\/mijas-homes.com\\\/#website\",\"url\":\"https:\\\/\\\/mijas-homes.com\\\/\",\"name\":\"Mijas Homes\",\"description\":\"Slow Living Homes\",\"potentialAction\":[{\"@type\":\"SearchAction\",\"target\":{\"@type\":\"EntryPoint\",\"urlTemplate\":\"https:\\\/\\\/mijas-homes.com\\\/?s={search_term_string}\"},\"query-input\":{\"@type\":\"PropertyValueSpecification\",\"valueRequired\":true,\"valueName\":\"search_term_string\"}}],\"inLanguage\":\"de\"}]}<\/script>\n<!-- \/ Yoast SEO plugin. -->","yoast_head_json":{"title":"Weitere Informationen - Mijas Homes","robots":{"index":"index","follow":"follow","max-snippet":"max-snippet:-1","max-image-preview":"max-image-preview:large","max-video-preview":"max-video-preview:-1"},"canonical":"https:\/\/mijas-homes.com\/de\/mehr-informationen\/","og_locale":"de_DE","og_type":"article","og_title":"Meer informatie - Mijas Homes","og_url":"https:\/\/mijas-homes.com\/de\/mehr-informationen\/","og_site_name":"Mijas Homes","article_modified_time":"2024-08-29T12:25:11+00:00","og_image":[{"width":1080,"height":612,"url":"https:\/\/mijas-homes.com\/wp-content\/uploads\/sites\/36\/2022\/04\/Mijas_Homes_Living.jpg","type":"image\/jpeg"}],"twitter_card":"summary_large_image","twitter_misc":{"Gesch\u00e4tzte Lesezeit":"2\u00a0Minuten"},"schema":{"@context":"https:\/\/schema.org","@graph":[{"@type":"WebPage","@id":"https:\/\/mijas-homes.com\/meer-informatie\/","url":"https:\/\/mijas-homes.com\/meer-informatie\/","name":"Weitere Informationen - Mijas Homes","isPartOf":{"@id":"https:\/\/mijas-homes.com\/#website"},"primaryImageOfPage":{"@id":"https:\/\/mijas-homes.com\/meer-informatie\/#primaryimage"},"image":{"@id":"https:\/\/mijas-homes.com\/meer-informatie\/#primaryimage"},"thumbnailUrl":"https:\/\/mijas-homes.com\/wp-content\/uploads\/sites\/36\/2022\/04\/Mijas_Homes_Living.jpg","datePublished":"2022-02-14T14:08:43+00:00","dateModified":"2024-08-29T12:25:11+00:00","breadcrumb":{"@id":"https:\/\/mijas-homes.com\/meer-informatie\/#breadcrumb"},"inLanguage":"de","potentialAction":[{"@type":"ReadAction","target":["https:\/\/mijas-homes.com\/meer-informatie\/"]}]},{"@type":"ImageObject","inLanguage":"de","@id":"https:\/\/mijas-homes.com\/meer-informatie\/#primaryimage","url":"https:\/\/mijas-homes.com\/wp-content\/uploads\/sites\/36\/2022\/04\/Mijas_Homes_Living.jpg","contentUrl":"https:\/\/mijas-homes.com\/wp-content\/uploads\/sites\/36\/2022\/04\/Mijas_Homes_Living.jpg","width":1080,"height":612},{"@type":"BreadcrumbList","@id":"https:\/\/mijas-homes.com\/meer-informatie\/#breadcrumb","itemListElement":[{"@type":"ListItem","position":1,"name":"Home","item":"https:\/\/mijas-homes.com\/"},{"@type":"ListItem","position":2,"name":"Meer informatie"}]},{"@type":"WebSite","@id":"https:\/\/mijas-homes.com\/#website","url":"https:\/\/mijas-homes.com\/","name":"Mijas H\u00e4user","description":"Langsam lebende H\u00e4user","potentialAction":[{"@type":"SearchAction","target":{"@type":"EntryPoint","urlTemplate":"https:\/\/mijas-homes.com\/?s={search_term_string}"},"query-input":{"@type":"PropertyValueSpecification","valueRequired":true,"valueName":"search_term_string"}}],"inLanguage":"de"}]}},"_links":{"self":[{"href":"https:\/\/mijas-homes.com\/de\/wp-json\/wp\/v2\/pages\/3121","targetHints":{"allow":["GET"]}}],"collection":[{"href":"https:\/\/mijas-homes.com\/de\/wp-json\/wp\/v2\/pages"}],"about":[{"href":"https:\/\/mijas-homes.com\/de\/wp-json\/wp\/v2\/types\/page"}],"author":[{"embeddable":true,"href":"https:\/\/mijas-homes.com\/de\/wp-json\/wp\/v2\/users\/1"}],"replies":[{"embeddable":true,"href":"https:\/\/mijas-homes.com\/de\/wp-json\/wp\/v2\/comments?post=3121"}],"version-history":[{"count":27,"href":"https:\/\/mijas-homes.com\/de\/wp-json\/wp\/v2\/pages\/3121\/revisions"}],"predecessor-version":[{"id":4466,"href":"https:\/\/mijas-homes.com\/de\/wp-json\/wp\/v2\/pages\/3121\/revisions\/4466"}],"wp:featuredmedia":[{"embeddable":true,"href":"https:\/\/mijas-homes.com\/de\/wp-json\/wp\/v2\/media\/4423"}],"wp:attachment":[{"href":"https:\/\/mijas-homes.com\/de\/wp-json\/wp\/v2\/media?parent=3121"}],"curies":[{"name":"wp","href":"https:\/\/api.w.org\/{rel}","templated":true}]}}