{"id":97,"date":"2022-01-27T10:58:35","date_gmt":"2022-01-27T10:58:35","guid":{"rendered":"http:\/\/cognito.mprinsdesign.nl\/?page_id=97"},"modified":"2024-08-30T08:36:14","modified_gmt":"2024-08-30T08:36:14","slug":"standort","status":"publish","type":"page","link":"https:\/\/mijas-homes.com\/de\/standort\/","title":{"rendered":"Standort"},"content":{"rendered":"<section class=\"wpb-content-wrapper\"><div  class=\"content_row row page-content vc_row wpb_row  default-style fullwidth\" >\n\t\n\t<div class=\"content_row_wrapper  default\" >\n\t<div id=\"asdasd\" class=\"vc_col-sm-12 wpb_column vc_column_container\" >\n\t<div class=\"vc_column-inner\">\n\t\t<div class=\"wpb_wrapper\" >\n\t\t\t<div class=\"rt_heading_wrapper no-style\">\n\t\t\t\t\t\t<h1 class=\"rt_heading  no-style\"  style=\"font-size:24px;margin-top:24px;margin-bottom:0px;\">Standort - <span class=\"after_h1\">Mijas H\u00e4user<\/span><\/h1> \n\t\t\t\t\t<\/div><div class=\"vc_empty_space\"   style=\"height: 32px\"><span class=\"vc_empty_space_inner\"><\/span><\/div><div class=\"vc_separator wpb_content_element vc_separator_align_center vc_sep_width_100 vc_sep_style-4 vc_sep_pos_align_center vc_separator_no_text vc_sep_color_grey\" ><span class=\"vc_sep_holder vc_sep_holder_l\"><span class=\"vc_sep_line\"><\/span><\/span><span class=\"vc_sep_holder vc_sep_holder_r\"><span class=\"vc_sep_line\"><\/span><\/span>\n<\/div>\n\t<div class=\"wpb_text_column wpb_content_element\" >\n\t\t<div class=\"wpb_wrapper\">\n\t\t\t<h3><\/h3>\n<h3><\/h3>\n<h3>Mijas Costa und die Costa del Sol: Ein mediterranes Paradies<\/h3>\n<p>Stellen Sie sich einen Ort vor, an dem die Essenz des Mittelmeers zum Leben erwacht. Willkommen in Mijas Costa und der Costa del Sol, einem einzigartigen Reiseziel, das das Beste aus beiden Welten vereint.<\/p>\n<h4>Eine K\u00fcste voller \u00dcberraschungen<\/h4>\n<p>Hier finden Sie die perfekte Harmonie zwischen Meer und Land. Mit 12 Kilometern wundersch\u00f6ner Str\u00e4nde l\u00e4dt die K\u00fcste zum Entspannen und Abenteuern ein. Das azurblaue Mittelmeer erstreckt sich so weit das Auge reicht, w\u00e4hrend im Hintergrund majest\u00e4tische Berge den Horizont schm\u00fccken.<\/p>\n<h4>Kulinarischer Genuss<\/h4>\n<p>Die Gastronomie von Mijas Costa ist eine Hommage an die mediterrane K\u00fcche. Frischer Fisch und Meeresfr\u00fcchte bilden die Grundlage vieler Gerichte, erg\u00e4nzt mit leckerem Gem\u00fcse und Obst aus heimischen G\u00e4rten. Diese gesunde und schmackhafte K\u00fcche spiegelt die Essenz der mediterranen Ern\u00e4hrung wider, die f\u00fcr ihre gesundheitlichen Vorteile bekannt ist.<\/p>\n<h4>Moderner Komfort und Tradition<\/h4>\n<p>Mijas Costa zeigt seine moderne Seite mit einer Reihe von Annehmlichkeiten. Golfbegeisterte k\u00f6nnen sich auf den wundersch\u00f6n angelegten Golfpl\u00e4tzen vergn\u00fcgen. Sportanlagen bieten f\u00fcr jeden etwas, Einkaufszentren verw\u00f6hnen die Shopper unter uns. Kulturelle Veranstaltungen und Freizeitaktivit\u00e4ten sorgen daf\u00fcr, dass immer etwas los ist.<\/p>\n<h4>Strategischer Standort<\/h4>\n<p>Die Lage von Mijas Costa ist ein Vorteil f\u00fcr sich. In weniger als 10 Minuten erreichen Sie die Autobahn, die Sie zu beliebten Zielen wie Marbella oder Estepona bringt. M\u00e1laga, eine gesch\u00e4ftige Stadt mit einem internationalen Flughafen, liegt in gleicher Entfernung. Von hier aus k\u00f6nnen Sie innerhalb von 3 Stunden nahezu jedes Ziel in Europa erreichen.<\/p>\n<p>Mijas Costa und die Costa del Sol bieten eine einzigartige Mischung aus mediterranem Charme, modernem Komfort und nat\u00fcrlicher Sch\u00f6nheit. Ob Sie wegen der Sonne, des Meeres, der Gastronomie oder der Kultur kommen, hier finden Sie alles in H\u00fclle und F\u00fclle.<\/p>\n\n\t\t<\/div>\n\t<\/div>\n\n\t\t<\/div>\n\t<\/div>\n\t<\/div>\n\n<\/div>\n<\/div>\n\n<div  class=\"content_row row room-list vc_row wpb_row  default-style fullwidth\" >\n\t\n\t<div class=\"content_row_wrapper  fullwidth\" >\n\t<div id=\"asdasd\" class=\"vc_col-sm-12 wpb_column vc_column_container\" >\n\t<div class=\"vc_column-inner\">\n\t\t<div class=\"wpb_wrapper\" >\n\t\t\t<div class=\"google_map_holder\" data-height=\"300\" data-scope=\"#map-746423\" data-bw=\"\">\n\n\t\t\t<div id=\"map-746423\" class=\"google_map\"><\/div>\n\t\t\t<script type=\"text\/javascript\">\n\t\t\t \/* <![CDATA[ *\/ \n\t\t\t\t\/\/ Runs google maps\t\n\t\t\t\t\tjQuery(function() {\n\t\t\t\t\t\tjQuery(\"#map-746423\").rt_maps([[\"Marbella\", 36.524369462396585, -4.659849513811537, 4,\"\"],],10); \n\t\t\t\t\t});\n\t\t\t\/* ]]> *\/\t\n\t\t\t<\/script>\n\n\t\t<\/div><div class=\"vc_empty_space\"   style=\"height: 90px\"><span class=\"vc_empty_space_inner\"><\/span><\/div><div class=\"rt_quote\"  >\n\t\t\t\t\t\t\t<p>\n\t\t\t\t\t\t\t\t<span class=\"icon-quote-left\"><\/span>\n\t\t\t\t\t\t\t\t<\/p>\n<p id=\"tw-target-text\" class=\"tw-data-text tw-text-large tw-ta\" dir=\"ltr\" data-placeholder=\"Vertaling\" data-ved=\"2ahUKEwjrwKua7ISEAxXezgIHHeULBkAQ3ewLegQIBRAQ\"><span class=\"Y2IQFc\" lang=\"nl\">Ein Ort, an dem Sie die Umgebung, die Ruhe, das Leben in den umliegenden St\u00e4dten und D\u00f6rfern und die Exklusivit\u00e4t einer einzigartigen Enklave genie\u00dfen k\u00f6nnen.<\/span><\/p>\n<p>\n\t\t\t\t\t\t\t\t<span class=\"icon-quote-right\"><\/span>\n\t\t\t\t\t\t\t<\/p>\n\t\t\t\t\t\t\t\n\t\t\t\t\t<\/div><div class=\"button_wrapper aligncenter\"><a  href=\"\/de\/mehr-informationen\/\" target=\"_self\" title=\"&gt; Informationspaket\" class=\"button_  style-2 medium\">&gt; Informationspaket<\/a><\/div>\n\t\t<\/div>\n\t<\/div>\n\t<\/div>\n\n<\/div>\n<\/div>\n\n<div  class=\"content_row row vc_row wpb_row  default-style fullwidth\" >\n\t\n\t<div class=\"content_row_wrapper  default\" >\n\t<div id=\"asdasd\" class=\"vc_col-sm-12 wpb_column vc_column_container\" >\n\t<div class=\"vc_column-inner\">\n\t\t<div class=\"wpb_wrapper\" >\n\t\t\t\n\t\t<div  class=\"info_box margin-b20 clearfix announcement announcement\" data-rt-animate=\"animate\" data-rt-animation-type=\"fadeInDown\" data-rt-animation-group=\"single\">\n\t\t\t<span class=\"icon-cancel\"><\/span>\n\t\t\t<p class=\"icon-megaphone-1\">\n\t\t\t\t<\/p>\n<ul>\n<li>Flughafen (30 km \u2013 innerhalb einer halben Stunde)<\/li>\n<li>Strand (1\u20132 km \u2013 5 Minuten mit dem Auto oder kurzer Spaziergang)<\/li>\n<li>Meer (1-2 km)<\/li>\n<li>Meerblick<\/li>\n<li>Blick auf die H\u00fcgel<\/li>\n<li>Bushaltestelle in der N\u00e4he<\/li>\n<li>Gesch\u00e4fte, Bars, Restaurants in der N\u00e4he<\/li>\n<li>Das gro\u00dfe Einkaufszentrum Miramar ist 5-10 Autominuten entfernt<\/li>\n<\/ul>\n<p>\n\t\t\t<\/p>\n\t\t<\/div>\n\t\n\t\t<\/div>\n\t<\/div>\n\t<\/div>\n\n<\/div>\n<\/div>\n<\/section>","protected":false},"excerpt":{"rendered":"<p>\u2026 <a class=\"more-link\" href=\"https:\/\/mijas-homes.com\/de\/standort\/\">Weiterlesen<\/a><\/p>","protected":false},"author":1,"featured_media":4428,"parent":0,"menu_order":5,"comment_status":"closed","ping_status":"closed","template":"","meta":{"footnotes":""},"class_list":["post-97","page","type-page","status-publish","has-post-thumbnail","hentry"],"yoast_head":"<!-- This site is optimized with the Yoast SEO plugin v26.0 - https:\/\/yoast.com\/wordpress\/plugins\/seo\/ -->\n<title>Locatie - Mijas Homes<\/title>\n<meta name=\"robots\" content=\"index, follow, max-snippet:-1, max-image-preview:large, max-video-preview:-1\" \/>\n<link rel=\"canonical\" href=\"https:\/\/mijas-homes.com\/de\/standort\/\" \/>\n<meta property=\"og:locale\" content=\"de_DE\" \/>\n<meta property=\"og:type\" content=\"article\" \/>\n<meta property=\"og:title\" content=\"Locatie - Mijas Homes\" \/>\n<meta property=\"og:url\" content=\"https:\/\/mijas-homes.com\/de\/standort\/\" \/>\n<meta property=\"og:site_name\" content=\"Mijas Homes\" \/>\n<meta property=\"article:modified_time\" content=\"2024-08-30T08:36:14+00:00\" \/>\n<meta property=\"og:image\" content=\"https:\/\/mijas-homes.com\/wp-content\/uploads\/sites\/36\/2022\/03\/Mijas_Homes_Terrace.jpg\" \/>\n\t<meta property=\"og:image:width\" content=\"1080\" \/>\n\t<meta property=\"og:image:height\" content=\"491\" \/>\n\t<meta property=\"og:image:type\" content=\"image\/jpeg\" \/>\n<meta name=\"twitter:card\" content=\"summary_large_image\" \/>\n<meta name=\"twitter:label1\" content=\"Gesch\u00e4tzte Lesezeit\" \/>\n\t<meta name=\"twitter:data1\" content=\"3\u00a0Minuten\" \/>\n<script type=\"application\/ld+json\" class=\"yoast-schema-graph\">{\"@context\":\"https:\/\/schema.org\",\"@graph\":[{\"@type\":\"WebPage\",\"@id\":\"https:\/\/mijas-homes.com\/locatie\/\",\"url\":\"https:\/\/mijas-homes.com\/locatie\/\",\"name\":\"Locatie - Mijas Homes\",\"isPartOf\":{\"@id\":\"https:\/\/mijas-homes.com\/#website\"},\"primaryImageOfPage\":{\"@id\":\"https:\/\/mijas-homes.com\/locatie\/#primaryimage\"},\"image\":{\"@id\":\"https:\/\/mijas-homes.com\/locatie\/#primaryimage\"},\"thumbnailUrl\":\"https:\/\/mijas-homes.com\/wp-content\/uploads\/sites\/36\/2022\/03\/Mijas_Homes_Terrace.jpg\",\"datePublished\":\"2022-01-27T10:58:35+00:00\",\"dateModified\":\"2024-08-30T08:36:14+00:00\",\"breadcrumb\":{\"@id\":\"https:\/\/mijas-homes.com\/locatie\/#breadcrumb\"},\"inLanguage\":\"de\",\"potentialAction\":[{\"@type\":\"ReadAction\",\"target\":[\"https:\/\/mijas-homes.com\/locatie\/\"]}]},{\"@type\":\"ImageObject\",\"inLanguage\":\"de\",\"@id\":\"https:\/\/mijas-homes.com\/locatie\/#primaryimage\",\"url\":\"https:\/\/mijas-homes.com\/wp-content\/uploads\/sites\/36\/2022\/03\/Mijas_Homes_Terrace.jpg\",\"contentUrl\":\"https:\/\/mijas-homes.com\/wp-content\/uploads\/sites\/36\/2022\/03\/Mijas_Homes_Terrace.jpg\",\"width\":1080,\"height\":491},{\"@type\":\"BreadcrumbList\",\"@id\":\"https:\/\/mijas-homes.com\/locatie\/#breadcrumb\",\"itemListElement\":[{\"@type\":\"ListItem\",\"position\":1,\"name\":\"Home\",\"item\":\"https:\/\/mijas-homes.com\/\"},{\"@type\":\"ListItem\",\"position\":2,\"name\":\"Locatie\"}]},{\"@type\":\"WebSite\",\"@id\":\"https:\/\/mijas-homes.com\/#website\",\"url\":\"https:\/\/mijas-homes.com\/\",\"name\":\"Mijas Homes\",\"description\":\"Slow Living Homes\",\"potentialAction\":[{\"@type\":\"SearchAction\",\"target\":{\"@type\":\"EntryPoint\",\"urlTemplate\":\"https:\/\/mijas-homes.com\/?s={search_term_string}\"},\"query-input\":{\"@type\":\"PropertyValueSpecification\",\"valueRequired\":true,\"valueName\":\"search_term_string\"}}],\"inLanguage\":\"de\"}]}<\/script>\n<!-- \/ Yoast SEO plugin. -->","yoast_head_json":{"title":"Standort - Mijas Homes","robots":{"index":"index","follow":"follow","max-snippet":"max-snippet:-1","max-image-preview":"max-image-preview:large","max-video-preview":"max-video-preview:-1"},"canonical":"https:\/\/mijas-homes.com\/de\/standort\/","og_locale":"de_DE","og_type":"article","og_title":"Locatie - Mijas Homes","og_url":"https:\/\/mijas-homes.com\/de\/standort\/","og_site_name":"Mijas Homes","article_modified_time":"2024-08-30T08:36:14+00:00","og_image":[{"width":1080,"height":491,"url":"https:\/\/mijas-homes.com\/wp-content\/uploads\/sites\/36\/2022\/03\/Mijas_Homes_Terrace.jpg","type":"image\/jpeg"}],"twitter_card":"summary_large_image","twitter_misc":{"Gesch\u00e4tzte Lesezeit":"3\u00a0Minuten"},"schema":{"@context":"https:\/\/schema.org","@graph":[{"@type":"WebPage","@id":"https:\/\/mijas-homes.com\/locatie\/","url":"https:\/\/mijas-homes.com\/locatie\/","name":"Standort - Mijas Homes","isPartOf":{"@id":"https:\/\/mijas-homes.com\/#website"},"primaryImageOfPage":{"@id":"https:\/\/mijas-homes.com\/locatie\/#primaryimage"},"image":{"@id":"https:\/\/mijas-homes.com\/locatie\/#primaryimage"},"thumbnailUrl":"https:\/\/mijas-homes.com\/wp-content\/uploads\/sites\/36\/2022\/03\/Mijas_Homes_Terrace.jpg","datePublished":"2022-01-27T10:58:35+00:00","dateModified":"2024-08-30T08:36:14+00:00","breadcrumb":{"@id":"https:\/\/mijas-homes.com\/locatie\/#breadcrumb"},"inLanguage":"de","potentialAction":[{"@type":"ReadAction","target":["https:\/\/mijas-homes.com\/locatie\/"]}]},{"@type":"ImageObject","inLanguage":"de","@id":"https:\/\/mijas-homes.com\/locatie\/#primaryimage","url":"https:\/\/mijas-homes.com\/wp-content\/uploads\/sites\/36\/2022\/03\/Mijas_Homes_Terrace.jpg","contentUrl":"https:\/\/mijas-homes.com\/wp-content\/uploads\/sites\/36\/2022\/03\/Mijas_Homes_Terrace.jpg","width":1080,"height":491},{"@type":"BreadcrumbList","@id":"https:\/\/mijas-homes.com\/locatie\/#breadcrumb","itemListElement":[{"@type":"ListItem","position":1,"name":"Home","item":"https:\/\/mijas-homes.com\/"},{"@type":"ListItem","position":2,"name":"Locatie"}]},{"@type":"WebSite","@id":"https:\/\/mijas-homes.com\/#website","url":"https:\/\/mijas-homes.com\/","name":"Mijas H\u00e4user","description":"Langsam lebende H\u00e4user","potentialAction":[{"@type":"SearchAction","target":{"@type":"EntryPoint","urlTemplate":"https:\/\/mijas-homes.com\/?s={search_term_string}"},"query-input":{"@type":"PropertyValueSpecification","valueRequired":true,"valueName":"search_term_string"}}],"inLanguage":"de"}]}},"_links":{"self":[{"href":"https:\/\/mijas-homes.com\/de\/wp-json\/wp\/v2\/pages\/97","targetHints":{"allow":["GET"]}}],"collection":[{"href":"https:\/\/mijas-homes.com\/de\/wp-json\/wp\/v2\/pages"}],"about":[{"href":"https:\/\/mijas-homes.com\/de\/wp-json\/wp\/v2\/types\/page"}],"author":[{"embeddable":true,"href":"https:\/\/mijas-homes.com\/de\/wp-json\/wp\/v2\/users\/1"}],"replies":[{"embeddable":true,"href":"https:\/\/mijas-homes.com\/de\/wp-json\/wp\/v2\/comments?post=97"}],"version-history":[{"count":29,"href":"https:\/\/mijas-homes.com\/de\/wp-json\/wp\/v2\/pages\/97\/revisions"}],"predecessor-version":[{"id":4476,"href":"https:\/\/mijas-homes.com\/de\/wp-json\/wp\/v2\/pages\/97\/revisions\/4476"}],"wp:featuredmedia":[{"embeddable":true,"href":"https:\/\/mijas-homes.com\/de\/wp-json\/wp\/v2\/media\/4428"}],"wp:attachment":[{"href":"https:\/\/mijas-homes.com\/de\/wp-json\/wp\/v2\/media?parent=97"}],"curies":[{"name":"wp","href":"https:\/\/api.w.org\/{rel}","templated":true}]}}