{"id":97,"date":"2022-01-27T10:58:35","date_gmt":"2022-01-27T10:58:35","guid":{"rendered":"http:\/\/cognito.mprinsdesign.nl\/?page_id=97"},"modified":"2024-08-30T08:36:14","modified_gmt":"2024-08-30T08:36:14","slug":"ubicacion","status":"publish","type":"page","link":"https:\/\/mijas-homes.com\/es\/ubicacion\/","title":{"rendered":"Ubicaci\u00f3n"},"content":{"rendered":"<section class=\"wpb-content-wrapper\"><div  class=\"content_row row page-content vc_row wpb_row  default-style fullwidth\" >\n\t\n\t<div class=\"content_row_wrapper  default\" >\n\t<div id=\"asdasd\" class=\"vc_col-sm-12 wpb_column vc_column_container\" >\n\t<div class=\"vc_column-inner\">\n\t\t<div class=\"wpb_wrapper\" >\n\t\t\t<div class=\"rt_heading_wrapper no-style\">\n\t\t\t\t\t\t<h1 class=\"rt_heading  no-style\"  style=\"font-size:24px;margin-top:24px;margin-bottom:0px;\">Ubicaci\u00f3n - <span class=\"after_h1\">Casas Mijas<\/span><\/h1> \n\t\t\t\t\t<\/div><div class=\"vc_empty_space\"   style=\"height: 32px\"><span class=\"vc_empty_space_inner\"><\/span><\/div><div class=\"vc_separator wpb_content_element vc_separator_align_center vc_sep_width_100 vc_sep_style-4 vc_sep_pos_align_center vc_separator_no_text vc_sep_color_grey\" ><span class=\"vc_sep_holder vc_sep_holder_l\"><span class=\"vc_sep_line\"><\/span><\/span><span class=\"vc_sep_holder vc_sep_holder_r\"><span class=\"vc_sep_line\"><\/span><\/span>\n<\/div>\n\t<div class=\"wpb_text_column wpb_content_element\" >\n\t\t<div class=\"wpb_wrapper\">\n\t\t\t<h3><\/h3>\n<h3><\/h3>\n<h3>Mijas Costa y la Costa del Sol: Un para\u00edso mediterr\u00e1neo<\/h3>\n<p>Imagina un lugar donde la esencia del Mediterr\u00e1neo cobra vida. Bienvenido a Mijas Costa y la Costa del Sol, un destino \u00fanico que combina lo mejor de ambos mundos.<\/p>\n<h4>Una Costa Llena de Sorpresas<\/h4>\n<p>Aqu\u00ed encontrar\u00e1 perfecta armon\u00eda entre mar y tierra. Con 12 kil\u00f3metros de hermosas playas, el litoral invita al relax y la aventura. El azul celeste del mar Mediterr\u00e1neo se extiende hasta donde alcanza la vista, mientras que al fondo majestuosas monta\u00f1as adornan el horizonte.<\/p>\n<h4>Delicia culinaria<\/h4>\n<p>La gastronom\u00eda de Mijas Costa es un homenaje a la cocina mediterr\u00e1nea. El pescado y el marisco fresco forman la base de muchos platos, complementados con sabrosas verduras y frutas de los huertos locales. Esta cocina sana y sabrosa refleja la esencia de la dieta mediterr\u00e1nea, conocida por sus beneficios para la salud.<\/p>\n<h4>Comodidad moderna y tradici\u00f3n.<\/h4>\n<p>Mijas Costa muestra su lado moderno con una variedad de comodidades. Los entusiastas del golf pueden disfrutar de los hermosos campos de golf. Las instalaciones deportivas ofrecen algo para todos los gustos, mientras que los centros comerciales miman a los compradores. Los eventos culturales y las actividades recreativas garantizan que siempre haya algo que hacer.<\/p>\n<h4>Ubicaci\u00f3n Estrat\u00e9gica<\/h4>\n<p>La ubicaci\u00f3n de Mijas Costa es una ventaja en s\u00ed misma. En menos de 10 minutos podr\u00e1s llegar a la autov\u00eda que te llevar\u00e1 a destinos populares como Marbella o Estepona. M\u00e1laga, una bulliciosa ciudad con un aeropuerto internacional, est\u00e1 a la misma distancia. Desde aqu\u00ed se puede llegar a casi cualquier destino de Europa en 3 horas.<\/p>\n<p>Mijas Costa y la Costa del Sol ofrecen una combinaci\u00f3n \u00fanica de encanto mediterr\u00e1neo, comodidades modernas y belleza natural. Tanto si vienes por el sol, el mar, la gastronom\u00eda o la cultura, aqu\u00ed lo encontrar\u00e1s todo en abundancia.<\/p>\n\n\t\t<\/div>\n\t<\/div>\n\n\t\t<\/div>\n\t<\/div>\n\t<\/div>\n\n<\/div>\n<\/div>\n\n<div  class=\"content_row row room-list vc_row wpb_row  default-style fullwidth\" >\n\t\n\t<div class=\"content_row_wrapper  fullwidth\" >\n\t<div id=\"asdasd\" class=\"vc_col-sm-12 wpb_column vc_column_container\" >\n\t<div class=\"vc_column-inner\">\n\t\t<div class=\"wpb_wrapper\" >\n\t\t\t<div class=\"google_map_holder\" data-height=\"300\" data-scope=\"#map-105581\" data-bw=\"\">\n\n\t\t\t<div id=\"map-105581\" class=\"google_map\"><\/div>\n\t\t\t<script type=\"text\/javascript\">\n\t\t\t \/* <![CDATA[ *\/ \n\t\t\t\t\/\/ Runs google maps\t\n\t\t\t\t\tjQuery(function() {\n\t\t\t\t\t\tjQuery(\"#map-105581\").rt_maps([[\"Marbella\", 36.524369462396585, -4.659849513811537, 4,\"\"],],10); \n\t\t\t\t\t});\n\t\t\t\/* ]]> *\/\t\n\t\t\t<\/script>\n\n\t\t<\/div><div class=\"vc_empty_space\"   style=\"height: 90px\"><span class=\"vc_empty_space_inner\"><\/span><\/div><div class=\"rt_quote\"  >\n\t\t\t\t\t\t\t<p>\n\t\t\t\t\t\t\t\t<span class=\"icon-quote-left\"><\/span>\n\t\t\t\t\t\t\t\t<\/p>\n<p id=\"tw-target-text\" class=\"tw-data-text tw-text-large tw-ta\" dir=\"ltr\" data-placeholder=\"Vertaling\" data-ved=\"2ahUKEwjrwKua7ISEAxXezgIHHeULBkAQ3ewLegQIBRAQ\"><span class=\"Y2IQFc\" lang=\"nl\">Un lugar para disfrutar del entorno, la tranquilidad, la vida de los pueblos cercanos y la exclusividad de un enclave \u00fanico.<\/span><\/p>\n<p>\n\t\t\t\t\t\t\t\t<span class=\"icon-quote-right\"><\/span>\n\t\t\t\t\t\t\t<\/p>\n\t\t\t\t\t\t\t\n\t\t\t\t\t<\/div><div class=\"button_wrapper aligncenter\"><a  href=\"\/es\/mas-informacion\/\" target=\"_self\" title=\"&gt; paquete de informaci\u00f3n\" class=\"button_  style-2 medium\">&gt; paquete de informaci\u00f3n<\/a><\/div>\n\t\t<\/div>\n\t<\/div>\n\t<\/div>\n\n<\/div>\n<\/div>\n\n<div  class=\"content_row row vc_row wpb_row  default-style fullwidth\" >\n\t\n\t<div class=\"content_row_wrapper  default\" >\n\t<div id=\"asdasd\" class=\"vc_col-sm-12 wpb_column vc_column_container\" >\n\t<div class=\"vc_column-inner\">\n\t\t<div class=\"wpb_wrapper\" >\n\t\t\t\n\t\t<div  class=\"info_box margin-b20 clearfix announcement announcement\" data-rt-animate=\"animate\" data-rt-animation-type=\"fadeInDown\" data-rt-animation-group=\"single\">\n\t\t\t<span class=\"icon-cancel\"><\/span>\n\t\t\t<p class=\"icon-megaphone-1\">\n\t\t\t\t<\/p>\n<ul>\n<li>Aeropuerto (30 km \u2013 en media hora)<\/li>\n<li>Playa (1-2 km \u2013 5 minutos en coche o a pie)<\/li>\n<li>Mar (1-2 km)<\/li>\n<li>vista al mar<\/li>\n<li>vista de las colinas<\/li>\n<li>Parada de autob\u00fas cercana<\/li>\n<li>Tiendas, Bares, Restaurantes cercanos<\/li>\n<li>El gran centro comercial Miramar est\u00e1 a 5-10 minutos en coche.<\/li>\n<\/ul>\n<p>\n\t\t\t<\/p>\n\t\t<\/div>\n\t\n\t\t<\/div>\n\t<\/div>\n\t<\/div>\n\n<\/div>\n<\/div>\n<\/section>","protected":false},"excerpt":{"rendered":"<p>\u2026 <a class=\"more-link\" href=\"https:\/\/mijas-homes.com\/es\/ubicacion\/\">sigue leyendo<\/a><\/p>","protected":false},"author":1,"featured_media":4428,"parent":0,"menu_order":5,"comment_status":"closed","ping_status":"closed","template":"","meta":{"footnotes":""},"class_list":["post-97","page","type-page","status-publish","has-post-thumbnail","hentry"],"yoast_head":"<!-- This site is optimized with the Yoast SEO plugin v26.0 - https:\/\/yoast.com\/wordpress\/plugins\/seo\/ -->\n<title>Locatie - Mijas Homes<\/title>\n<meta name=\"robots\" content=\"index, follow, max-snippet:-1, max-image-preview:large, max-video-preview:-1\" \/>\n<link rel=\"canonical\" href=\"https:\/\/mijas-homes.com\/es\/ubicacion\/\" \/>\n<meta property=\"og:locale\" content=\"es_ES\" \/>\n<meta property=\"og:type\" content=\"article\" \/>\n<meta property=\"og:title\" content=\"Locatie - Mijas Homes\" \/>\n<meta property=\"og:url\" content=\"https:\/\/mijas-homes.com\/es\/ubicacion\/\" \/>\n<meta property=\"og:site_name\" content=\"Mijas Homes\" \/>\n<meta property=\"article:modified_time\" content=\"2024-08-30T08:36:14+00:00\" \/>\n<meta property=\"og:image\" content=\"https:\/\/mijas-homes.com\/wp-content\/uploads\/sites\/36\/2022\/03\/Mijas_Homes_Terrace.jpg\" \/>\n\t<meta property=\"og:image:width\" content=\"1080\" \/>\n\t<meta property=\"og:image:height\" content=\"491\" \/>\n\t<meta property=\"og:image:type\" content=\"image\/jpeg\" \/>\n<meta name=\"twitter:card\" content=\"summary_large_image\" \/>\n<meta name=\"twitter:label1\" content=\"Tiempo de lectura\" \/>\n\t<meta name=\"twitter:data1\" content=\"3 minutos\" \/>\n<script type=\"application\/ld+json\" class=\"yoast-schema-graph\">{\"@context\":\"https:\/\/schema.org\",\"@graph\":[{\"@type\":\"WebPage\",\"@id\":\"https:\/\/mijas-homes.com\/locatie\/\",\"url\":\"https:\/\/mijas-homes.com\/locatie\/\",\"name\":\"Locatie - Mijas Homes\",\"isPartOf\":{\"@id\":\"https:\/\/mijas-homes.com\/#website\"},\"primaryImageOfPage\":{\"@id\":\"https:\/\/mijas-homes.com\/locatie\/#primaryimage\"},\"image\":{\"@id\":\"https:\/\/mijas-homes.com\/locatie\/#primaryimage\"},\"thumbnailUrl\":\"https:\/\/mijas-homes.com\/wp-content\/uploads\/sites\/36\/2022\/03\/Mijas_Homes_Terrace.jpg\",\"datePublished\":\"2022-01-27T10:58:35+00:00\",\"dateModified\":\"2024-08-30T08:36:14+00:00\",\"breadcrumb\":{\"@id\":\"https:\/\/mijas-homes.com\/locatie\/#breadcrumb\"},\"inLanguage\":\"es\",\"potentialAction\":[{\"@type\":\"ReadAction\",\"target\":[\"https:\/\/mijas-homes.com\/locatie\/\"]}]},{\"@type\":\"ImageObject\",\"inLanguage\":\"es\",\"@id\":\"https:\/\/mijas-homes.com\/locatie\/#primaryimage\",\"url\":\"https:\/\/mijas-homes.com\/wp-content\/uploads\/sites\/36\/2022\/03\/Mijas_Homes_Terrace.jpg\",\"contentUrl\":\"https:\/\/mijas-homes.com\/wp-content\/uploads\/sites\/36\/2022\/03\/Mijas_Homes_Terrace.jpg\",\"width\":1080,\"height\":491},{\"@type\":\"BreadcrumbList\",\"@id\":\"https:\/\/mijas-homes.com\/locatie\/#breadcrumb\",\"itemListElement\":[{\"@type\":\"ListItem\",\"position\":1,\"name\":\"Home\",\"item\":\"https:\/\/mijas-homes.com\/\"},{\"@type\":\"ListItem\",\"position\":2,\"name\":\"Locatie\"}]},{\"@type\":\"WebSite\",\"@id\":\"https:\/\/mijas-homes.com\/#website\",\"url\":\"https:\/\/mijas-homes.com\/\",\"name\":\"Mijas Homes\",\"description\":\"Slow Living Homes\",\"potentialAction\":[{\"@type\":\"SearchAction\",\"target\":{\"@type\":\"EntryPoint\",\"urlTemplate\":\"https:\/\/mijas-homes.com\/?s={search_term_string}\"},\"query-input\":{\"@type\":\"PropertyValueSpecification\",\"valueRequired\":true,\"valueName\":\"search_term_string\"}}],\"inLanguage\":\"es\"}]}<\/script>\n<!-- \/ Yoast SEO plugin. -->","yoast_head_json":{"title":"Ubicaci\u00f3n - Mijas Homes","robots":{"index":"index","follow":"follow","max-snippet":"max-snippet:-1","max-image-preview":"max-image-preview:large","max-video-preview":"max-video-preview:-1"},"canonical":"https:\/\/mijas-homes.com\/es\/ubicacion\/","og_locale":"es_ES","og_type":"article","og_title":"Locatie - Mijas Homes","og_url":"https:\/\/mijas-homes.com\/es\/ubicacion\/","og_site_name":"Mijas Homes","article_modified_time":"2024-08-30T08:36:14+00:00","og_image":[{"width":1080,"height":491,"url":"https:\/\/mijas-homes.com\/wp-content\/uploads\/sites\/36\/2022\/03\/Mijas_Homes_Terrace.jpg","type":"image\/jpeg"}],"twitter_card":"summary_large_image","twitter_misc":{"Tiempo de lectura":"3 minutos"},"schema":{"@context":"https:\/\/schema.org","@graph":[{"@type":"WebPage","@id":"https:\/\/mijas-homes.com\/locatie\/","url":"https:\/\/mijas-homes.com\/locatie\/","name":"Ubicaci\u00f3n - Mijas Homes","isPartOf":{"@id":"https:\/\/mijas-homes.com\/#website"},"primaryImageOfPage":{"@id":"https:\/\/mijas-homes.com\/locatie\/#primaryimage"},"image":{"@id":"https:\/\/mijas-homes.com\/locatie\/#primaryimage"},"thumbnailUrl":"https:\/\/mijas-homes.com\/wp-content\/uploads\/sites\/36\/2022\/03\/Mijas_Homes_Terrace.jpg","datePublished":"2022-01-27T10:58:35+00:00","dateModified":"2024-08-30T08:36:14+00:00","breadcrumb":{"@id":"https:\/\/mijas-homes.com\/locatie\/#breadcrumb"},"inLanguage":"es","potentialAction":[{"@type":"ReadAction","target":["https:\/\/mijas-homes.com\/locatie\/"]}]},{"@type":"ImageObject","inLanguage":"es","@id":"https:\/\/mijas-homes.com\/locatie\/#primaryimage","url":"https:\/\/mijas-homes.com\/wp-content\/uploads\/sites\/36\/2022\/03\/Mijas_Homes_Terrace.jpg","contentUrl":"https:\/\/mijas-homes.com\/wp-content\/uploads\/sites\/36\/2022\/03\/Mijas_Homes_Terrace.jpg","width":1080,"height":491},{"@type":"BreadcrumbList","@id":"https:\/\/mijas-homes.com\/locatie\/#breadcrumb","itemListElement":[{"@type":"ListItem","position":1,"name":"Home","item":"https:\/\/mijas-homes.com\/"},{"@type":"ListItem","position":2,"name":"Locatie"}]},{"@type":"WebSite","@id":"https:\/\/mijas-homes.com\/#website","url":"https:\/\/mijas-homes.com\/","name":"Casas Mijas","description":"Hogares de vida lenta","potentialAction":[{"@type":"SearchAction","target":{"@type":"EntryPoint","urlTemplate":"https:\/\/mijas-homes.com\/?s={search_term_string}"},"query-input":{"@type":"PropertyValueSpecification","valueRequired":true,"valueName":"search_term_string"}}],"inLanguage":"es"}]}},"_links":{"self":[{"href":"https:\/\/mijas-homes.com\/es\/wp-json\/wp\/v2\/pages\/97","targetHints":{"allow":["GET"]}}],"collection":[{"href":"https:\/\/mijas-homes.com\/es\/wp-json\/wp\/v2\/pages"}],"about":[{"href":"https:\/\/mijas-homes.com\/es\/wp-json\/wp\/v2\/types\/page"}],"author":[{"embeddable":true,"href":"https:\/\/mijas-homes.com\/es\/wp-json\/wp\/v2\/users\/1"}],"replies":[{"embeddable":true,"href":"https:\/\/mijas-homes.com\/es\/wp-json\/wp\/v2\/comments?post=97"}],"version-history":[{"count":29,"href":"https:\/\/mijas-homes.com\/es\/wp-json\/wp\/v2\/pages\/97\/revisions"}],"predecessor-version":[{"id":4476,"href":"https:\/\/mijas-homes.com\/es\/wp-json\/wp\/v2\/pages\/97\/revisions\/4476"}],"wp:featuredmedia":[{"embeddable":true,"href":"https:\/\/mijas-homes.com\/es\/wp-json\/wp\/v2\/media\/4428"}],"wp:attachment":[{"href":"https:\/\/mijas-homes.com\/es\/wp-json\/wp\/v2\/media?parent=97"}],"curies":[{"name":"wp","href":"https:\/\/api.w.org\/{rel}","templated":true}]}}