{"id":97,"date":"2022-01-27T10:58:35","date_gmt":"2022-01-27T10:58:35","guid":{"rendered":"http:\/\/cognito.mprinsdesign.nl\/?page_id=97"},"modified":"2024-08-30T08:36:14","modified_gmt":"2024-08-30T08:36:14","slug":"lieu","status":"publish","type":"page","link":"https:\/\/mijas-homes.com\/fr\/lieu\/","title":{"rendered":"lieu"},"content":{"rendered":"<section class=\"wpb-content-wrapper\"><div  class=\"content_row row page-content vc_row wpb_row  default-style fullwidth\" >\n\t\n\t<div class=\"content_row_wrapper  default\" >\n\t<div id=\"asdasd\" class=\"vc_col-sm-12 wpb_column vc_column_container\" >\n\t<div class=\"vc_column-inner\">\n\t\t<div class=\"wpb_wrapper\" >\n\t\t\t<div class=\"rt_heading_wrapper no-style\">\n\t\t\t\t\t\t<h1 class=\"rt_heading  no-style\"  style=\"font-size:24px;margin-top:24px;margin-bottom:0px;\">Lieu - <span class=\"after_h1\">Maisons \u00e0 Mijas<\/span><\/h1> \n\t\t\t\t\t<\/div><div class=\"vc_empty_space\"   style=\"height: 32px\"><span class=\"vc_empty_space_inner\"><\/span><\/div><div class=\"vc_separator wpb_content_element vc_separator_align_center vc_sep_width_100 vc_sep_style-4 vc_sep_pos_align_center vc_separator_no_text vc_sep_color_grey\" ><span class=\"vc_sep_holder vc_sep_holder_l\"><span class=\"vc_sep_line\"><\/span><\/span><span class=\"vc_sep_holder vc_sep_holder_r\"><span class=\"vc_sep_line\"><\/span><\/span>\n<\/div>\n\t<div class=\"wpb_text_column wpb_content_element\" >\n\t\t<div class=\"wpb_wrapper\">\n\t\t\t<h3><\/h3>\n<h3><\/h3>\n<h3>Mijas Costa et la Costa del Sol : un paradis m\u00e9diterran\u00e9en<\/h3>\n<p>Imaginez un lieu o\u00f9 l&#039;essence de la M\u00e9diterran\u00e9e prend vie. Bienvenue \u00e0 Mijas Costa et sur la Costa del Sol, une destination unique qui combine le meilleur des deux mondes.<\/p>\n<h4>Une c\u00f4te pleine de surprises<\/h4>\n<p>Ici vous trouverez une parfaite harmonie entre mer et terre. Avec 12 kilom\u00e8tres de belles plages, le littoral vous invite \u00e0 la d\u00e9tente et \u00e0 l&#039;aventure. La mer M\u00e9diterran\u00e9e bleu azur s\u2019\u00e9tend \u00e0 perte de vue, tandis que des montagnes majestueuses ornent l\u2019horizon en arri\u00e8re-plan.<\/p>\n<h4>D\u00e9lice culinaire<\/h4>\n<p>La gastronomie de Mijas Costa est un hommage \u00e0 la cuisine m\u00e9diterran\u00e9enne. Le poisson et les fruits de mer frais constituent la base de nombreux plats, compl\u00e9t\u00e9s par de savoureux l\u00e9gumes et fruits des jardins locaux. Cette cuisine saine et savoureuse refl\u00e8te l\u2019essence du r\u00e9gime m\u00e9diterran\u00e9en, reconnu pour ses bienfaits sur la sant\u00e9.<\/p>\n<h4>Confort moderne et tradition<\/h4>\n<p>Mijas Costa montre son c\u00f4t\u00e9 moderne avec une gamme d&#039;\u00e9quipements. Les amateurs de golf pourront se faire plaisir sur les parcours magnifiquement am\u00e9nag\u00e9s. Les installations sportives offrent quelque chose pour tout le monde, tandis que les centres commerciaux g\u00e2tent les acheteurs. Les \u00e9v\u00e9nements culturels et les activit\u00e9s r\u00e9cr\u00e9atives garantissent qu&#039;il y a toujours quelque chose \u00e0 faire.<\/p>\n<h4>Emplacement strat\u00e9gique<\/h4>\n<p>La situation g\u00e9ographique de Mijas Costa est un atout en soi. En moins de 10 minutes, vous pourrez rejoindre l\u2019autoroute qui vous m\u00e8nera vers des destinations populaires telles que Marbella ou Estepona. Malaga, une ville anim\u00e9e dot\u00e9e d&#039;un a\u00e9roport international, se trouve \u00e0 la m\u00eame distance. De l\u00e0, vous pouvez atteindre presque toutes les destinations en Europe en 3 heures.<\/p>\n<p>Mijas Costa et la Costa del Sol offrent un m\u00e9lange unique de charme m\u00e9diterran\u00e9en, de confort moderne et de beaut\u00e9 naturelle. Que vous veniez pour le soleil, la mer, la gastronomie ou la culture, vous trouverez ici de tout en abondance.<\/p>\n\n\t\t<\/div>\n\t<\/div>\n\n\t\t<\/div>\n\t<\/div>\n\t<\/div>\n\n<\/div>\n<\/div>\n\n<div  class=\"content_row row room-list vc_row wpb_row  default-style fullwidth\" >\n\t\n\t<div class=\"content_row_wrapper  fullwidth\" >\n\t<div id=\"asdasd\" class=\"vc_col-sm-12 wpb_column vc_column_container\" >\n\t<div class=\"vc_column-inner\">\n\t\t<div class=\"wpb_wrapper\" >\n\t\t\t<div class=\"google_map_holder\" data-height=\"300\" data-scope=\"#map-618852\" data-bw=\"\">\n\n\t\t\t<div id=\"map-618852\" class=\"google_map\"><\/div>\n\t\t\t<script type=\"text\/javascript\">\n\t\t\t \/* <![CDATA[ *\/ \n\t\t\t\t\/\/ Runs google maps\t\n\t\t\t\t\tjQuery(function() {\n\t\t\t\t\t\tjQuery(\"#map-618852\").rt_maps([[\"Marbella\", 36.524369462396585, -4.659849513811537, 4,\"\"],],10); \n\t\t\t\t\t});\n\t\t\t\/* ]]> *\/\t\n\t\t\t<\/script>\n\n\t\t<\/div><div class=\"vc_empty_space\"   style=\"height: 90px\"><span class=\"vc_empty_space_inner\"><\/span><\/div><div class=\"rt_quote\"  >\n\t\t\t\t\t\t\t<p>\n\t\t\t\t\t\t\t\t<span class=\"icon-quote-left\"><\/span>\n\t\t\t\t\t\t\t\t<\/p>\n<p id=\"tw-target-text\" class=\"tw-data-text tw-text-large tw-ta\" dir=\"ltr\" data-placeholder=\"Vertaling\" data-ved=\"2ahUKEwjrwKua7ISEAxXezgIHHeULBkAQ3ewLegQIBRAQ\"><span class=\"Y2IQFc\" lang=\"nl\">Un endroit pour profiter de l&#039;environnement, de la tranquillit\u00e9, de la vie des villes et villages voisins et de l&#039;exclusivit\u00e9 d&#039;une enclave unique.<\/span><\/p>\n<p>\n\t\t\t\t\t\t\t\t<span class=\"icon-quote-right\"><\/span>\n\t\t\t\t\t\t\t<\/p>\n\t\t\t\t\t\t\t\n\t\t\t\t\t<\/div><div class=\"button_wrapper aligncenter\"><a  href=\"\/fr\/plus-dinformation\/\" target=\"_self\" title=\"&gt; dossier d&#039;information\" class=\"button_  style-2 medium\">&gt; dossier d&#039;information<\/a><\/div>\n\t\t<\/div>\n\t<\/div>\n\t<\/div>\n\n<\/div>\n<\/div>\n\n<div  class=\"content_row row vc_row wpb_row  default-style fullwidth\" >\n\t\n\t<div class=\"content_row_wrapper  default\" >\n\t<div id=\"asdasd\" class=\"vc_col-sm-12 wpb_column vc_column_container\" >\n\t<div class=\"vc_column-inner\">\n\t\t<div class=\"wpb_wrapper\" >\n\t\t\t\n\t\t<div  class=\"info_box margin-b20 clearfix announcement announcement\" data-rt-animate=\"animate\" data-rt-animation-type=\"fadeInDown\" data-rt-animation-group=\"single\">\n\t\t\t<span class=\"icon-cancel\"><\/span>\n\t\t\t<p class=\"icon-megaphone-1\">\n\t\t\t\t<\/p>\n<ul>\n<li>A\u00e9roport (30 km \u2013 en une demi-heure)<\/li>\n<li>Plage (1-2 km \u2013 5 minutes en voiture ou quelques minutes \u00e0 pied)<\/li>\n<li>Mer (1-2 km)<\/li>\n<li>Vue mer<\/li>\n<li>Vue sur les collines<\/li>\n<li>Arr\u00eat de bus \u00e0 proximit\u00e9<\/li>\n<li>Commerces, Bars, Restaurants \u00e0 proximit\u00e9<\/li>\n<li>Le grand centre commercial Miramar se trouve \u00e0 5-10 minutes en voiture<\/li>\n<\/ul>\n<p>\n\t\t\t<\/p>\n\t\t<\/div>\n\t\n\t\t<\/div>\n\t<\/div>\n\t<\/div>\n\n<\/div>\n<\/div>\n<\/section>","protected":false},"excerpt":{"rendered":"<p>\u2026 <a class=\"more-link\" href=\"https:\/\/mijas-homes.com\/fr\/lieu\/\">continuer la lecture<\/a><\/p>","protected":false},"author":1,"featured_media":4428,"parent":0,"menu_order":5,"comment_status":"closed","ping_status":"closed","template":"","meta":{"footnotes":""},"class_list":["post-97","page","type-page","status-publish","has-post-thumbnail","hentry"],"yoast_head":"<!-- This site is optimized with the Yoast SEO plugin v26.0 - https:\/\/yoast.com\/wordpress\/plugins\/seo\/ -->\n<title>Locatie - Mijas Homes<\/title>\n<meta name=\"robots\" content=\"index, follow, max-snippet:-1, max-image-preview:large, max-video-preview:-1\" \/>\n<link rel=\"canonical\" href=\"https:\/\/mijas-homes.com\/fr\/lieu\/\" \/>\n<meta property=\"og:locale\" content=\"fr_FR\" \/>\n<meta property=\"og:type\" content=\"article\" \/>\n<meta property=\"og:title\" content=\"Locatie - Mijas Homes\" \/>\n<meta property=\"og:url\" content=\"https:\/\/mijas-homes.com\/fr\/lieu\/\" \/>\n<meta property=\"og:site_name\" content=\"Mijas Homes\" \/>\n<meta property=\"article:modified_time\" content=\"2024-08-30T08:36:14+00:00\" \/>\n<meta property=\"og:image\" content=\"https:\/\/mijas-homes.com\/wp-content\/uploads\/sites\/36\/2022\/03\/Mijas_Homes_Terrace.jpg\" \/>\n\t<meta property=\"og:image:width\" content=\"1080\" \/>\n\t<meta property=\"og:image:height\" content=\"491\" \/>\n\t<meta property=\"og:image:type\" content=\"image\/jpeg\" \/>\n<meta name=\"twitter:card\" content=\"summary_large_image\" \/>\n<meta name=\"twitter:label1\" content=\"Dur\u00e9e de lecture estim\u00e9e\" \/>\n\t<meta name=\"twitter:data1\" content=\"3 minutes\" \/>\n<script type=\"application\/ld+json\" class=\"yoast-schema-graph\">{\"@context\":\"https:\/\/schema.org\",\"@graph\":[{\"@type\":\"WebPage\",\"@id\":\"https:\/\/mijas-homes.com\/locatie\/\",\"url\":\"https:\/\/mijas-homes.com\/locatie\/\",\"name\":\"Locatie - Mijas Homes\",\"isPartOf\":{\"@id\":\"https:\/\/mijas-homes.com\/#website\"},\"primaryImageOfPage\":{\"@id\":\"https:\/\/mijas-homes.com\/locatie\/#primaryimage\"},\"image\":{\"@id\":\"https:\/\/mijas-homes.com\/locatie\/#primaryimage\"},\"thumbnailUrl\":\"https:\/\/mijas-homes.com\/wp-content\/uploads\/sites\/36\/2022\/03\/Mijas_Homes_Terrace.jpg\",\"datePublished\":\"2022-01-27T10:58:35+00:00\",\"dateModified\":\"2024-08-30T08:36:14+00:00\",\"breadcrumb\":{\"@id\":\"https:\/\/mijas-homes.com\/locatie\/#breadcrumb\"},\"inLanguage\":\"fr-FR\",\"potentialAction\":[{\"@type\":\"ReadAction\",\"target\":[\"https:\/\/mijas-homes.com\/locatie\/\"]}]},{\"@type\":\"ImageObject\",\"inLanguage\":\"fr-FR\",\"@id\":\"https:\/\/mijas-homes.com\/locatie\/#primaryimage\",\"url\":\"https:\/\/mijas-homes.com\/wp-content\/uploads\/sites\/36\/2022\/03\/Mijas_Homes_Terrace.jpg\",\"contentUrl\":\"https:\/\/mijas-homes.com\/wp-content\/uploads\/sites\/36\/2022\/03\/Mijas_Homes_Terrace.jpg\",\"width\":1080,\"height\":491},{\"@type\":\"BreadcrumbList\",\"@id\":\"https:\/\/mijas-homes.com\/locatie\/#breadcrumb\",\"itemListElement\":[{\"@type\":\"ListItem\",\"position\":1,\"name\":\"Home\",\"item\":\"https:\/\/mijas-homes.com\/\"},{\"@type\":\"ListItem\",\"position\":2,\"name\":\"Locatie\"}]},{\"@type\":\"WebSite\",\"@id\":\"https:\/\/mijas-homes.com\/#website\",\"url\":\"https:\/\/mijas-homes.com\/\",\"name\":\"Mijas Homes\",\"description\":\"Slow Living Homes\",\"potentialAction\":[{\"@type\":\"SearchAction\",\"target\":{\"@type\":\"EntryPoint\",\"urlTemplate\":\"https:\/\/mijas-homes.com\/?s={search_term_string}\"},\"query-input\":{\"@type\":\"PropertyValueSpecification\",\"valueRequired\":true,\"valueName\":\"search_term_string\"}}],\"inLanguage\":\"fr-FR\"}]}<\/script>\n<!-- \/ Yoast SEO plugin. -->","yoast_head_json":{"title":"Localisation - Maisons Mijas","robots":{"index":"index","follow":"follow","max-snippet":"max-snippet:-1","max-image-preview":"max-image-preview:large","max-video-preview":"max-video-preview:-1"},"canonical":"https:\/\/mijas-homes.com\/fr\/lieu\/","og_locale":"fr_FR","og_type":"article","og_title":"Locatie - Mijas Homes","og_url":"https:\/\/mijas-homes.com\/fr\/lieu\/","og_site_name":"Mijas Homes","article_modified_time":"2024-08-30T08:36:14+00:00","og_image":[{"width":1080,"height":491,"url":"https:\/\/mijas-homes.com\/wp-content\/uploads\/sites\/36\/2022\/03\/Mijas_Homes_Terrace.jpg","type":"image\/jpeg"}],"twitter_card":"summary_large_image","twitter_misc":{"Dur\u00e9e de lecture estim\u00e9e":"3 minutes"},"schema":{"@context":"https:\/\/schema.org","@graph":[{"@type":"WebPage","@id":"https:\/\/mijas-homes.com\/locatie\/","url":"https:\/\/mijas-homes.com\/locatie\/","name":"Localisation - Maisons Mijas","isPartOf":{"@id":"https:\/\/mijas-homes.com\/#website"},"primaryImageOfPage":{"@id":"https:\/\/mijas-homes.com\/locatie\/#primaryimage"},"image":{"@id":"https:\/\/mijas-homes.com\/locatie\/#primaryimage"},"thumbnailUrl":"https:\/\/mijas-homes.com\/wp-content\/uploads\/sites\/36\/2022\/03\/Mijas_Homes_Terrace.jpg","datePublished":"2022-01-27T10:58:35+00:00","dateModified":"2024-08-30T08:36:14+00:00","breadcrumb":{"@id":"https:\/\/mijas-homes.com\/locatie\/#breadcrumb"},"inLanguage":"fr-FR","potentialAction":[{"@type":"ReadAction","target":["https:\/\/mijas-homes.com\/locatie\/"]}]},{"@type":"ImageObject","inLanguage":"fr-FR","@id":"https:\/\/mijas-homes.com\/locatie\/#primaryimage","url":"https:\/\/mijas-homes.com\/wp-content\/uploads\/sites\/36\/2022\/03\/Mijas_Homes_Terrace.jpg","contentUrl":"https:\/\/mijas-homes.com\/wp-content\/uploads\/sites\/36\/2022\/03\/Mijas_Homes_Terrace.jpg","width":1080,"height":491},{"@type":"BreadcrumbList","@id":"https:\/\/mijas-homes.com\/locatie\/#breadcrumb","itemListElement":[{"@type":"ListItem","position":1,"name":"Home","item":"https:\/\/mijas-homes.com\/"},{"@type":"ListItem","position":2,"name":"Locatie"}]},{"@type":"WebSite","@id":"https:\/\/mijas-homes.com\/#website","url":"https:\/\/mijas-homes.com\/","name":"Maisons \u00e0 Mijas","description":"Maisons \u00e0 vie lente","potentialAction":[{"@type":"SearchAction","target":{"@type":"EntryPoint","urlTemplate":"https:\/\/mijas-homes.com\/?s={search_term_string}"},"query-input":{"@type":"PropertyValueSpecification","valueRequired":true,"valueName":"search_term_string"}}],"inLanguage":"fr-FR"}]}},"_links":{"self":[{"href":"https:\/\/mijas-homes.com\/fr\/wp-json\/wp\/v2\/pages\/97","targetHints":{"allow":["GET"]}}],"collection":[{"href":"https:\/\/mijas-homes.com\/fr\/wp-json\/wp\/v2\/pages"}],"about":[{"href":"https:\/\/mijas-homes.com\/fr\/wp-json\/wp\/v2\/types\/page"}],"author":[{"embeddable":true,"href":"https:\/\/mijas-homes.com\/fr\/wp-json\/wp\/v2\/users\/1"}],"replies":[{"embeddable":true,"href":"https:\/\/mijas-homes.com\/fr\/wp-json\/wp\/v2\/comments?post=97"}],"version-history":[{"count":29,"href":"https:\/\/mijas-homes.com\/fr\/wp-json\/wp\/v2\/pages\/97\/revisions"}],"predecessor-version":[{"id":4476,"href":"https:\/\/mijas-homes.com\/fr\/wp-json\/wp\/v2\/pages\/97\/revisions\/4476"}],"wp:featuredmedia":[{"embeddable":true,"href":"https:\/\/mijas-homes.com\/fr\/wp-json\/wp\/v2\/media\/4428"}],"wp:attachment":[{"href":"https:\/\/mijas-homes.com\/fr\/wp-json\/wp\/v2\/media?parent=97"}],"curies":[{"name":"wp","href":"https:\/\/api.w.org\/{rel}","templated":true}]}}