{"id":97,"date":"2022-01-27T10:58:35","date_gmt":"2022-01-27T10:58:35","guid":{"rendered":"http:\/\/cognito.mprinsdesign.nl\/?page_id=97"},"modified":"2024-08-30T08:36:14","modified_gmt":"2024-08-30T08:36:14","slug":"posizione","status":"publish","type":"page","link":"https:\/\/mijas-homes.com\/it\/posizione\/","title":{"rendered":"Posizione"},"content":{"rendered":"<section class=\"wpb-content-wrapper\"><div  class=\"content_row row page-content vc_row wpb_row  default-style fullwidth\" >\n\t\n\t<div class=\"content_row_wrapper  default\" >\n\t<div id=\"asdasd\" class=\"vc_col-sm-12 wpb_column vc_column_container\" >\n\t<div class=\"vc_column-inner\">\n\t\t<div class=\"wpb_wrapper\" >\n\t\t\t<div class=\"rt_heading_wrapper no-style\">\n\t\t\t\t\t\t<h1 class=\"rt_heading  no-style\"  style=\"font-size:24px;margin-top:24px;margin-bottom:0px;\">Posizione - <span class=\"after_h1\">Case di Mijas<\/span><\/h1> \n\t\t\t\t\t<\/div><div class=\"vc_empty_space\"   style=\"height: 32px\"><span class=\"vc_empty_space_inner\"><\/span><\/div><div class=\"vc_separator wpb_content_element vc_separator_align_center vc_sep_width_100 vc_sep_style-4 vc_sep_pos_align_center vc_separator_no_text vc_sep_color_grey\" ><span class=\"vc_sep_holder vc_sep_holder_l\"><span class=\"vc_sep_line\"><\/span><\/span><span class=\"vc_sep_holder vc_sep_holder_r\"><span class=\"vc_sep_line\"><\/span><\/span>\n<\/div>\n\t<div class=\"wpb_text_column wpb_content_element\" >\n\t\t<div class=\"wpb_wrapper\">\n\t\t\t<h3><\/h3>\n<h3><\/h3>\n<h3>Mijas Costa e la Costa del Sol: un paradiso mediterraneo<\/h3>\n<p>Immagina un luogo dove l&#039;essenza del Mediterraneo prende vita. Benvenuto a Mijas Costa e alla Costa del Sol, una destinazione unica che unisce il meglio di entrambi i mondi.<\/p>\n<h4>Una costa piena di sorprese<\/h4>\n<p>Qui troverete la perfetta armonia tra mare e terra. Con 12 chilometri di bellissime spiagge, la costa ti invita al relax e all&#039;avventura. L&#039;azzurro del Mar Mediterraneo si estende a perdita d&#039;occhio, mentre le maestose montagne adornano l&#039;orizzonte sullo sfondo.<\/p>\n<h4>Delizia culinaria<\/h4>\n<p>La gastronomia di Mijas Costa \u00e8 un omaggio alla cucina mediterranea. Pesce fresco e frutti di mare costituiscono la base di molti piatti, integrati con gustose verdure e frutta provenienti dagli orti locali. Questa cucina sana e gustosa riflette l&#039;essenza della dieta mediterranea, nota per i suoi benefici per la salute.<\/p>\n<h4>Comfort moderno e tradizione<\/h4>\n<p>Mijas Costa mostra il suo lato moderno con una vasta gamma di servizi. Gli appassionati di golf possono sbizzarrirsi sui campi da golf splendidamente paesaggistici. Gli impianti sportivi offrono qualcosa per tutti, mentre i centri commerciali viziano gli acquirenti tra noi. Eventi culturali e attivit\u00e0 ricreative assicurano che ci sia sempre qualcosa da fare.<\/p>\n<h4>Posizione strategica<\/h4>\n<p>La posizione di Mijas Costa \u00e8 di per s\u00e9 un vantaggio. In meno di 10 minuti puoi raggiungere l&#039;autostrada che ti porta verso destinazioni popolari come Marbella o Estepona. M\u00e1laga, una vivace citt\u00e0 con un aeroporto internazionale, \u00e8 alla stessa distanza. Da qui puoi raggiungere quasi tutte le destinazioni d&#039;Europa in 3 ore.<\/p>\n<p>Mijas Costa e la Costa del Sol offrono una miscela unica di fascino mediterraneo, comfort moderni e bellezza naturale. Che veniate per il sole, il mare, la gastronomia o la cultura, qui troverete di tutto in abbondanza.<\/p>\n\n\t\t<\/div>\n\t<\/div>\n\n\t\t<\/div>\n\t<\/div>\n\t<\/div>\n\n<\/div>\n<\/div>\n\n<div  class=\"content_row row room-list vc_row wpb_row  default-style fullwidth\" >\n\t\n\t<div class=\"content_row_wrapper  fullwidth\" >\n\t<div id=\"asdasd\" class=\"vc_col-sm-12 wpb_column vc_column_container\" >\n\t<div class=\"vc_column-inner\">\n\t\t<div class=\"wpb_wrapper\" >\n\t\t\t<div class=\"google_map_holder\" data-height=\"300\" data-scope=\"#map-487791\" data-bw=\"\">\n\n\t\t\t<div id=\"map-487791\" class=\"google_map\"><\/div>\n\t\t\t<script type=\"text\/javascript\">\n\t\t\t \/* <![CDATA[ *\/ \n\t\t\t\t\/\/ Runs google maps\t\n\t\t\t\t\tjQuery(function() {\n\t\t\t\t\t\tjQuery(\"#map-487791\").rt_maps([[\"Marbella\", 36.524369462396585, -4.659849513811537, 4,\"\"],],10); \n\t\t\t\t\t});\n\t\t\t\/* ]]> *\/\t\n\t\t\t<\/script>\n\n\t\t<\/div><div class=\"vc_empty_space\"   style=\"height: 90px\"><span class=\"vc_empty_space_inner\"><\/span><\/div><div class=\"rt_quote\"  >\n\t\t\t\t\t\t\t<p>\n\t\t\t\t\t\t\t\t<span class=\"icon-quote-left\"><\/span>\n\t\t\t\t\t\t\t\t<\/p>\n<p id=\"tw-target-text\" class=\"tw-data-text tw-text-large tw-ta\" dir=\"ltr\" data-placeholder=\"Vertaling\" data-ved=\"2ahUKEwjrwKua7ISEAxXezgIHHeULBkAQ3ewLegQIBRAQ\"><span class=\"Y2IQFc\" lang=\"nl\">Un luogo per godersi l&#039;ambiente circostante, la tranquillit\u00e0, la vita delle citt\u00e0 e dei villaggi vicini e l&#039;esclusivit\u00e0 di un&#039;enclave unica.<\/span><\/p>\n<p>\n\t\t\t\t\t\t\t\t<span class=\"icon-quote-right\"><\/span>\n\t\t\t\t\t\t\t<\/p>\n\t\t\t\t\t\t\t\n\t\t\t\t\t<\/div><div class=\"button_wrapper aligncenter\"><a  href=\"\/it\/maggiori-informazioni\/\" target=\"_self\" title=\"&gt; pacchetto informativo\" class=\"button_  style-2 medium\">&gt; pacchetto informativo<\/a><\/div>\n\t\t<\/div>\n\t<\/div>\n\t<\/div>\n\n<\/div>\n<\/div>\n\n<div  class=\"content_row row vc_row wpb_row  default-style fullwidth\" >\n\t\n\t<div class=\"content_row_wrapper  default\" >\n\t<div id=\"asdasd\" class=\"vc_col-sm-12 wpb_column vc_column_container\" >\n\t<div class=\"vc_column-inner\">\n\t\t<div class=\"wpb_wrapper\" >\n\t\t\t\n\t\t<div  class=\"info_box margin-b20 clearfix announcement announcement\" data-rt-animate=\"animate\" data-rt-animation-type=\"fadeInDown\" data-rt-animation-group=\"single\">\n\t\t\t<span class=\"icon-cancel\"><\/span>\n\t\t\t<p class=\"icon-megaphone-1\">\n\t\t\t\t<\/p>\n<ul>\n<li>Aeroporto (30 km \u2013 entro mezz&#039;ora)<\/li>\n<li>Spiaggia (1-2 km \u2013 5 minuti in auto o breve passeggiata)<\/li>\n<li>Mare (1-2 km)<\/li>\n<li>vista mare<\/li>\n<li>Vista sulle colline<\/li>\n<li>Fermata dell&#039;autobus nelle vicinanze<\/li>\n<li>Negozi, bar, ristoranti nelle vicinanze<\/li>\n<li>Il grande centro commerciale Miramar \u00e8 a 5-10 minuti di auto<\/li>\n<\/ul>\n<p>\n\t\t\t<\/p>\n\t\t<\/div>\n\t\n\t\t<\/div>\n\t<\/div>\n\t<\/div>\n\n<\/div>\n<\/div>\n<\/section>","protected":false},"excerpt":{"rendered":"<p>\u2026 <a class=\"more-link\" href=\"https:\/\/mijas-homes.com\/it\/posizione\/\">Continua a leggere<\/a><\/p>","protected":false},"author":1,"featured_media":4428,"parent":0,"menu_order":5,"comment_status":"closed","ping_status":"closed","template":"","meta":{"footnotes":""},"class_list":["post-97","page","type-page","status-publish","has-post-thumbnail","hentry"],"yoast_head":"<!-- This site is optimized with the Yoast SEO plugin v26.0 - https:\/\/yoast.com\/wordpress\/plugins\/seo\/ -->\n<title>Locatie - Mijas Homes<\/title>\n<meta name=\"robots\" content=\"index, follow, max-snippet:-1, max-image-preview:large, max-video-preview:-1\" \/>\n<link rel=\"canonical\" href=\"https:\/\/mijas-homes.com\/it\/posizione\/\" \/>\n<meta property=\"og:locale\" content=\"it_IT\" \/>\n<meta property=\"og:type\" content=\"article\" \/>\n<meta property=\"og:title\" content=\"Locatie - Mijas Homes\" \/>\n<meta property=\"og:url\" content=\"https:\/\/mijas-homes.com\/it\/posizione\/\" \/>\n<meta property=\"og:site_name\" content=\"Mijas Homes\" \/>\n<meta property=\"article:modified_time\" content=\"2024-08-30T08:36:14+00:00\" \/>\n<meta property=\"og:image\" content=\"https:\/\/mijas-homes.com\/wp-content\/uploads\/sites\/36\/2022\/03\/Mijas_Homes_Terrace.jpg\" \/>\n\t<meta property=\"og:image:width\" content=\"1080\" \/>\n\t<meta property=\"og:image:height\" content=\"491\" \/>\n\t<meta property=\"og:image:type\" content=\"image\/jpeg\" \/>\n<meta name=\"twitter:card\" content=\"summary_large_image\" \/>\n<meta name=\"twitter:label1\" content=\"Tempo di lettura stimato\" \/>\n\t<meta name=\"twitter:data1\" content=\"3 minuti\" \/>\n<script type=\"application\/ld+json\" class=\"yoast-schema-graph\">{\"@context\":\"https:\/\/schema.org\",\"@graph\":[{\"@type\":\"WebPage\",\"@id\":\"https:\/\/mijas-homes.com\/locatie\/\",\"url\":\"https:\/\/mijas-homes.com\/locatie\/\",\"name\":\"Locatie - Mijas Homes\",\"isPartOf\":{\"@id\":\"https:\/\/mijas-homes.com\/#website\"},\"primaryImageOfPage\":{\"@id\":\"https:\/\/mijas-homes.com\/locatie\/#primaryimage\"},\"image\":{\"@id\":\"https:\/\/mijas-homes.com\/locatie\/#primaryimage\"},\"thumbnailUrl\":\"https:\/\/mijas-homes.com\/wp-content\/uploads\/sites\/36\/2022\/03\/Mijas_Homes_Terrace.jpg\",\"datePublished\":\"2022-01-27T10:58:35+00:00\",\"dateModified\":\"2024-08-30T08:36:14+00:00\",\"breadcrumb\":{\"@id\":\"https:\/\/mijas-homes.com\/locatie\/#breadcrumb\"},\"inLanguage\":\"it-IT\",\"potentialAction\":[{\"@type\":\"ReadAction\",\"target\":[\"https:\/\/mijas-homes.com\/locatie\/\"]}]},{\"@type\":\"ImageObject\",\"inLanguage\":\"it-IT\",\"@id\":\"https:\/\/mijas-homes.com\/locatie\/#primaryimage\",\"url\":\"https:\/\/mijas-homes.com\/wp-content\/uploads\/sites\/36\/2022\/03\/Mijas_Homes_Terrace.jpg\",\"contentUrl\":\"https:\/\/mijas-homes.com\/wp-content\/uploads\/sites\/36\/2022\/03\/Mijas_Homes_Terrace.jpg\",\"width\":1080,\"height\":491},{\"@type\":\"BreadcrumbList\",\"@id\":\"https:\/\/mijas-homes.com\/locatie\/#breadcrumb\",\"itemListElement\":[{\"@type\":\"ListItem\",\"position\":1,\"name\":\"Home\",\"item\":\"https:\/\/mijas-homes.com\/\"},{\"@type\":\"ListItem\",\"position\":2,\"name\":\"Locatie\"}]},{\"@type\":\"WebSite\",\"@id\":\"https:\/\/mijas-homes.com\/#website\",\"url\":\"https:\/\/mijas-homes.com\/\",\"name\":\"Mijas Homes\",\"description\":\"Slow Living Homes\",\"potentialAction\":[{\"@type\":\"SearchAction\",\"target\":{\"@type\":\"EntryPoint\",\"urlTemplate\":\"https:\/\/mijas-homes.com\/?s={search_term_string}\"},\"query-input\":{\"@type\":\"PropertyValueSpecification\",\"valueRequired\":true,\"valueName\":\"search_term_string\"}}],\"inLanguage\":\"it-IT\"}]}<\/script>\n<!-- \/ Yoast SEO plugin. -->","yoast_head_json":{"title":"Posizione - Case Mijas","robots":{"index":"index","follow":"follow","max-snippet":"max-snippet:-1","max-image-preview":"max-image-preview:large","max-video-preview":"max-video-preview:-1"},"canonical":"https:\/\/mijas-homes.com\/it\/posizione\/","og_locale":"it_IT","og_type":"article","og_title":"Locatie - Mijas Homes","og_url":"https:\/\/mijas-homes.com\/it\/posizione\/","og_site_name":"Mijas Homes","article_modified_time":"2024-08-30T08:36:14+00:00","og_image":[{"width":1080,"height":491,"url":"https:\/\/mijas-homes.com\/wp-content\/uploads\/sites\/36\/2022\/03\/Mijas_Homes_Terrace.jpg","type":"image\/jpeg"}],"twitter_card":"summary_large_image","twitter_misc":{"Tempo di lettura stimato":"3 minuti"},"schema":{"@context":"https:\/\/schema.org","@graph":[{"@type":"WebPage","@id":"https:\/\/mijas-homes.com\/locatie\/","url":"https:\/\/mijas-homes.com\/locatie\/","name":"Posizione - Case Mijas","isPartOf":{"@id":"https:\/\/mijas-homes.com\/#website"},"primaryImageOfPage":{"@id":"https:\/\/mijas-homes.com\/locatie\/#primaryimage"},"image":{"@id":"https:\/\/mijas-homes.com\/locatie\/#primaryimage"},"thumbnailUrl":"https:\/\/mijas-homes.com\/wp-content\/uploads\/sites\/36\/2022\/03\/Mijas_Homes_Terrace.jpg","datePublished":"2022-01-27T10:58:35+00:00","dateModified":"2024-08-30T08:36:14+00:00","breadcrumb":{"@id":"https:\/\/mijas-homes.com\/locatie\/#breadcrumb"},"inLanguage":"it-IT","potentialAction":[{"@type":"ReadAction","target":["https:\/\/mijas-homes.com\/locatie\/"]}]},{"@type":"ImageObject","inLanguage":"it-IT","@id":"https:\/\/mijas-homes.com\/locatie\/#primaryimage","url":"https:\/\/mijas-homes.com\/wp-content\/uploads\/sites\/36\/2022\/03\/Mijas_Homes_Terrace.jpg","contentUrl":"https:\/\/mijas-homes.com\/wp-content\/uploads\/sites\/36\/2022\/03\/Mijas_Homes_Terrace.jpg","width":1080,"height":491},{"@type":"BreadcrumbList","@id":"https:\/\/mijas-homes.com\/locatie\/#breadcrumb","itemListElement":[{"@type":"ListItem","position":1,"name":"Home","item":"https:\/\/mijas-homes.com\/"},{"@type":"ListItem","position":2,"name":"Locatie"}]},{"@type":"WebSite","@id":"https:\/\/mijas-homes.com\/#website","url":"https:\/\/mijas-homes.com\/","name":"Case di Mijas","description":"Case a vita lenta","potentialAction":[{"@type":"SearchAction","target":{"@type":"EntryPoint","urlTemplate":"https:\/\/mijas-homes.com\/?s={search_term_string}"},"query-input":{"@type":"PropertyValueSpecification","valueRequired":true,"valueName":"search_term_string"}}],"inLanguage":"it-IT"}]}},"_links":{"self":[{"href":"https:\/\/mijas-homes.com\/it\/wp-json\/wp\/v2\/pages\/97","targetHints":{"allow":["GET"]}}],"collection":[{"href":"https:\/\/mijas-homes.com\/it\/wp-json\/wp\/v2\/pages"}],"about":[{"href":"https:\/\/mijas-homes.com\/it\/wp-json\/wp\/v2\/types\/page"}],"author":[{"embeddable":true,"href":"https:\/\/mijas-homes.com\/it\/wp-json\/wp\/v2\/users\/1"}],"replies":[{"embeddable":true,"href":"https:\/\/mijas-homes.com\/it\/wp-json\/wp\/v2\/comments?post=97"}],"version-history":[{"count":29,"href":"https:\/\/mijas-homes.com\/it\/wp-json\/wp\/v2\/pages\/97\/revisions"}],"predecessor-version":[{"id":4476,"href":"https:\/\/mijas-homes.com\/it\/wp-json\/wp\/v2\/pages\/97\/revisions\/4476"}],"wp:featuredmedia":[{"embeddable":true,"href":"https:\/\/mijas-homes.com\/it\/wp-json\/wp\/v2\/media\/4428"}],"wp:attachment":[{"href":"https:\/\/mijas-homes.com\/it\/wp-json\/wp\/v2\/media?parent=97"}],"curies":[{"name":"wp","href":"https:\/\/api.w.org\/{rel}","templated":true}]}}