{"id":97,"date":"2022-01-27T10:58:35","date_gmt":"2022-01-27T10:58:35","guid":{"rendered":"http:\/\/cognito.mprinsdesign.nl\/?page_id=97"},"modified":"2024-08-30T08:36:14","modified_gmt":"2024-08-30T08:36:14","slug":"lokalizacja","status":"publish","type":"page","link":"https:\/\/mijas-homes.com\/pl\/lokalizacja\/","title":{"rendered":"Lokalizacja"},"content":{"rendered":"<section class=\"wpb-content-wrapper\"><div  class=\"content_row row page-content vc_row wpb_row  default-style fullwidth\" >\n\t\n\t<div class=\"content_row_wrapper  default\" >\n\t<div id=\"asdasd\" class=\"vc_col-sm-12 wpb_column vc_column_container\" >\n\t<div class=\"vc_column-inner\">\n\t\t<div class=\"wpb_wrapper\" >\n\t\t\t<div class=\"rt_heading_wrapper no-style\">\n\t\t\t\t\t\t<h1 class=\"rt_heading  no-style\"  style=\"font-size:24px;margin-top:24px;margin-bottom:0px;\">Lokalizacja - <span class=\"after_h1\">Domy Mijasa<\/span><\/h1> \n\t\t\t\t\t<\/div><div class=\"vc_empty_space\"   style=\"height: 32px\"><span class=\"vc_empty_space_inner\"><\/span><\/div><div class=\"vc_separator wpb_content_element vc_separator_align_center vc_sep_width_100 vc_sep_style-4 vc_sep_pos_align_center vc_separator_no_text vc_sep_color_grey\" ><span class=\"vc_sep_holder vc_sep_holder_l\"><span class=\"vc_sep_line\"><\/span><\/span><span class=\"vc_sep_holder vc_sep_holder_r\"><span class=\"vc_sep_line\"><\/span><\/span>\n<\/div>\n\t<div class=\"wpb_text_column wpb_content_element\" >\n\t\t<div class=\"wpb_wrapper\">\n\t\t\t<h3><\/h3>\n<h3><\/h3>\n<h3>Mijas Costa i Costa del Sol: \u015br\u00f3dziemnomorski raj<\/h3>\n<p>Wyobra\u017a sobie miejsce, w kt\u00f3rym o\u017cywa esencja Morza \u015ar\u00f3dziemnego. Witamy w Mijas Costa i na Costa del Sol, wyj\u0105tkowym miejscu, kt\u00f3re \u0142\u0105czy w sobie to, co najlepsze z obu \u015bwiat\u00f3w.<\/p>\n<h4>Wybrze\u017ce pe\u0142ne niespodzianek<\/h4>\n<p>Tutaj znajdziesz idealn\u0105 harmoni\u0119 pomi\u0119dzy morzem i l\u0105dem. Linia brzegowa o d\u0142ugo\u015bci 12 kilometr\u00f3w pi\u0119knych pla\u017c zaprasza na relaks i przygod\u0119. Lazurowe Morze \u015ar\u00f3dziemne rozci\u0105ga si\u0119 jak okiem si\u0119gn\u0105\u0107, a majestatyczne g\u00f3ry zdobi\u0105 horyzont w tle.<\/p>\n<h4>Kulinarna rozkosz<\/h4>\n<p>Gastronomia Mijas Costa to ho\u0142d dla kuchni \u015br\u00f3dziemnomorskiej. Podstaw\u0105 wielu da\u0144 s\u0105 \u015bwie\u017ce ryby i owoce morza, uzupe\u0142nione smacznymi warzywami i owocami z lokalnych ogrod\u00f3w. Ta zdrowa i smaczna kuchnia oddaje istot\u0119 diety \u015br\u00f3dziemnomorskiej, znanej ze swoich zdrowotnych w\u0142a\u015bciwo\u015bci.<\/p>\n<h4>Nowoczesny komfort i tradycja<\/h4>\n<p>Mijas Costa pokazuje swoj\u0105 nowoczesn\u0105 stron\u0119 z szeregiem udogodnie\u0144. Mi\u0142o\u015bnicy golfa mog\u0105 rozkoszowa\u0107 si\u0119 pi\u0119knie zagospodarowanymi polami golfowymi. Obiekty sportowe oferuj\u0105 co\u015b dla ka\u017cdego, a centra handlowe rozpieszczaj\u0105 kupuj\u0105cych w\u015br\u00f3d nas. Wydarzenia kulturalne i zaj\u0119cia rekreacyjne sprawiaj\u0105, \u017ce zawsze jest co\u015b do zrobienia.<\/p>\n<h4>Lokalizacja strategiczna<\/h4>\n<p>Lokalizacja Mijas Costa jest zalet\u0105 sam\u0105 w sobie. W nieca\u0142e 10 minut mo\u017cna dojecha\u0107 do autostrady prowadz\u0105cej do popularnych miejsc, takich jak Marbella czy Estepona. W tej samej odleg\u0142o\u015bci znajduje si\u0119 Malaga, t\u0119tni\u0105ce \u017cyciem miasto z mi\u0119dzynarodowym lotniskiem. St\u0105d mo\u017cna dotrze\u0107 do niemal ka\u017cdego miejsca w Europie w ci\u0105gu 3 godzin.<\/p>\n<p>Mijas Costa i Costa del Sol oferuj\u0105 wyj\u0105tkowe po\u0142\u0105czenie \u015br\u00f3dziemnomorskiego uroku, nowoczesnych udogodnie\u0144 i naturalnego pi\u0119kna. Niezale\u017cnie od tego, czy przyje\u017cd\u017casz po s\u0142o\u0144ce, morze, gastronomi\u0119 czy kultur\u0119, znajdziesz tutaj wszystko pod dostatkiem.<\/p>\n\n\t\t<\/div>\n\t<\/div>\n\n\t\t<\/div>\n\t<\/div>\n\t<\/div>\n\n<\/div>\n<\/div>\n\n<div  class=\"content_row row room-list vc_row wpb_row  default-style fullwidth\" >\n\t\n\t<div class=\"content_row_wrapper  fullwidth\" >\n\t<div id=\"asdasd\" class=\"vc_col-sm-12 wpb_column vc_column_container\" >\n\t<div class=\"vc_column-inner\">\n\t\t<div class=\"wpb_wrapper\" >\n\t\t\t<div class=\"google_map_holder\" data-height=\"300\" data-scope=\"#map-755089\" data-bw=\"\">\n\n\t\t\t<div id=\"map-755089\" class=\"google_map\"><\/div>\n\t\t\t<script type=\"text\/javascript\">\n\t\t\t \/* <![CDATA[ *\/ \n\t\t\t\t\/\/ Runs google maps\t\n\t\t\t\t\tjQuery(function() {\n\t\t\t\t\t\tjQuery(\"#map-755089\").rt_maps([[\"Marbella\", 36.524369462396585, -4.659849513811537, 4,\"\"],],10); \n\t\t\t\t\t});\n\t\t\t\/* ]]> *\/\t\n\t\t\t<\/script>\n\n\t\t<\/div><div class=\"vc_empty_space\"   style=\"height: 90px\"><span class=\"vc_empty_space_inner\"><\/span><\/div><div class=\"rt_quote\"  >\n\t\t\t\t\t\t\t<p>\n\t\t\t\t\t\t\t\t<span class=\"icon-quote-left\"><\/span>\n\t\t\t\t\t\t\t\t<\/p>\n<p id=\"tw-target-text\" class=\"tw-data-text tw-text-large tw-ta\" dir=\"ltr\" data-placeholder=\"Vertaling\" data-ved=\"2ahUKEwjrwKua7ISEAxXezgIHHeULBkAQ3ewLegQIBRAQ\"><span class=\"Y2IQFc\" lang=\"nl\">Miejsce, w kt\u00f3rym mo\u017cna cieszy\u0107 si\u0119 okolic\u0105, spokojem, \u017cyciem pobliskich miast i wsi oraz ekskluzywno\u015bci\u0105 wyj\u0105tkowej enklawy.<\/span><\/p>\n<p>\n\t\t\t\t\t\t\t\t<span class=\"icon-quote-right\"><\/span>\n\t\t\t\t\t\t\t<\/p>\n\t\t\t\t\t\t\t\n\t\t\t\t\t<\/div><div class=\"button_wrapper aligncenter\"><a  href=\"\/pl\/wiecej-informacji\/\" target=\"_self\" title=\"&gt; pakiet informacyjny\" class=\"button_  style-2 medium\">&gt; pakiet informacyjny<\/a><\/div>\n\t\t<\/div>\n\t<\/div>\n\t<\/div>\n\n<\/div>\n<\/div>\n\n<div  class=\"content_row row vc_row wpb_row  default-style fullwidth\" >\n\t\n\t<div class=\"content_row_wrapper  default\" >\n\t<div id=\"asdasd\" class=\"vc_col-sm-12 wpb_column vc_column_container\" >\n\t<div class=\"vc_column-inner\">\n\t\t<div class=\"wpb_wrapper\" >\n\t\t\t\n\t\t<div  class=\"info_box margin-b20 clearfix announcement announcement\" data-rt-animate=\"animate\" data-rt-animation-type=\"fadeInDown\" data-rt-animation-group=\"single\">\n\t\t\t<span class=\"icon-cancel\"><\/span>\n\t\t\t<p class=\"icon-megaphone-1\">\n\t\t\t\t<\/p>\n<ul>\n<li>Lotnisko (30 km \u2013 w ci\u0105gu p\u00f3\u0142 godziny)<\/li>\n<li>Pla\u017ca (1-2 km \u2013 5 minut jazdy samochodem lub kr\u00f3tki spacer)<\/li>\n<li>Morze (1-2 km)<\/li>\n<li>Widok na morze<\/li>\n<li>Widok na wzg\u00f3rza<\/li>\n<li>Przystanek autobusowy w pobli\u017cu<\/li>\n<li>W pobli\u017cu sklepy, bary, restauracje<\/li>\n<li>Du\u017ce centrum handlowe Miramar oddalone jest od obiektu o 5\u201310 minut jazdy<\/li>\n<\/ul>\n<p>\n\t\t\t<\/p>\n\t\t<\/div>\n\t\n\t\t<\/div>\n\t<\/div>\n\t<\/div>\n\n<\/div>\n<\/div>\n<\/section>","protected":false},"excerpt":{"rendered":"<p>\u2026 <a class=\"more-link\" href=\"https:\/\/mijas-homes.com\/pl\/lokalizacja\/\">Kontynuuj czytanie<\/a><\/p>","protected":false},"author":1,"featured_media":4428,"parent":0,"menu_order":5,"comment_status":"closed","ping_status":"closed","template":"","meta":{"footnotes":""},"class_list":["post-97","page","type-page","status-publish","has-post-thumbnail","hentry"],"yoast_head":"<!-- This site is optimized with the Yoast SEO plugin v26.0 - https:\/\/yoast.com\/wordpress\/plugins\/seo\/ -->\n<title>Locatie - Mijas Homes<\/title>\n<meta name=\"robots\" content=\"index, follow, max-snippet:-1, max-image-preview:large, max-video-preview:-1\" \/>\n<link rel=\"canonical\" href=\"https:\/\/mijas-homes.com\/pl\/lokalizacja\/\" \/>\n<meta property=\"og:locale\" content=\"pl_PL\" \/>\n<meta property=\"og:type\" content=\"article\" \/>\n<meta property=\"og:title\" content=\"Locatie - Mijas Homes\" \/>\n<meta property=\"og:url\" content=\"https:\/\/mijas-homes.com\/pl\/lokalizacja\/\" \/>\n<meta property=\"og:site_name\" content=\"Mijas Homes\" \/>\n<meta property=\"article:modified_time\" content=\"2024-08-30T08:36:14+00:00\" \/>\n<meta property=\"og:image\" content=\"https:\/\/mijas-homes.com\/wp-content\/uploads\/sites\/36\/2022\/03\/Mijas_Homes_Terrace.jpg\" \/>\n\t<meta property=\"og:image:width\" content=\"1080\" \/>\n\t<meta property=\"og:image:height\" content=\"491\" \/>\n\t<meta property=\"og:image:type\" content=\"image\/jpeg\" \/>\n<meta name=\"twitter:card\" content=\"summary_large_image\" \/>\n<meta name=\"twitter:label1\" content=\"Szacowany czas czytania\" \/>\n\t<meta name=\"twitter:data1\" content=\"3 minuty\" \/>\n<script type=\"application\/ld+json\" class=\"yoast-schema-graph\">{\"@context\":\"https:\/\/schema.org\",\"@graph\":[{\"@type\":\"WebPage\",\"@id\":\"https:\/\/mijas-homes.com\/locatie\/\",\"url\":\"https:\/\/mijas-homes.com\/locatie\/\",\"name\":\"Locatie - Mijas Homes\",\"isPartOf\":{\"@id\":\"https:\/\/mijas-homes.com\/#website\"},\"primaryImageOfPage\":{\"@id\":\"https:\/\/mijas-homes.com\/locatie\/#primaryimage\"},\"image\":{\"@id\":\"https:\/\/mijas-homes.com\/locatie\/#primaryimage\"},\"thumbnailUrl\":\"https:\/\/mijas-homes.com\/wp-content\/uploads\/sites\/36\/2022\/03\/Mijas_Homes_Terrace.jpg\",\"datePublished\":\"2022-01-27T10:58:35+00:00\",\"dateModified\":\"2024-08-30T08:36:14+00:00\",\"breadcrumb\":{\"@id\":\"https:\/\/mijas-homes.com\/locatie\/#breadcrumb\"},\"inLanguage\":\"pl-PL\",\"potentialAction\":[{\"@type\":\"ReadAction\",\"target\":[\"https:\/\/mijas-homes.com\/locatie\/\"]}]},{\"@type\":\"ImageObject\",\"inLanguage\":\"pl-PL\",\"@id\":\"https:\/\/mijas-homes.com\/locatie\/#primaryimage\",\"url\":\"https:\/\/mijas-homes.com\/wp-content\/uploads\/sites\/36\/2022\/03\/Mijas_Homes_Terrace.jpg\",\"contentUrl\":\"https:\/\/mijas-homes.com\/wp-content\/uploads\/sites\/36\/2022\/03\/Mijas_Homes_Terrace.jpg\",\"width\":1080,\"height\":491},{\"@type\":\"BreadcrumbList\",\"@id\":\"https:\/\/mijas-homes.com\/locatie\/#breadcrumb\",\"itemListElement\":[{\"@type\":\"ListItem\",\"position\":1,\"name\":\"Home\",\"item\":\"https:\/\/mijas-homes.com\/\"},{\"@type\":\"ListItem\",\"position\":2,\"name\":\"Locatie\"}]},{\"@type\":\"WebSite\",\"@id\":\"https:\/\/mijas-homes.com\/#website\",\"url\":\"https:\/\/mijas-homes.com\/\",\"name\":\"Mijas Homes\",\"description\":\"Slow Living Homes\",\"potentialAction\":[{\"@type\":\"SearchAction\",\"target\":{\"@type\":\"EntryPoint\",\"urlTemplate\":\"https:\/\/mijas-homes.com\/?s={search_term_string}\"},\"query-input\":{\"@type\":\"PropertyValueSpecification\",\"valueRequired\":true,\"valueName\":\"search_term_string\"}}],\"inLanguage\":\"pl-PL\"}]}<\/script>\n<!-- \/ Yoast SEO plugin. -->","yoast_head_json":{"title":"Lokalizacja - Domy Mijas","robots":{"index":"index","follow":"follow","max-snippet":"max-snippet:-1","max-image-preview":"max-image-preview:large","max-video-preview":"max-video-preview:-1"},"canonical":"https:\/\/mijas-homes.com\/pl\/lokalizacja\/","og_locale":"pl_PL","og_type":"article","og_title":"Locatie - Mijas Homes","og_url":"https:\/\/mijas-homes.com\/pl\/lokalizacja\/","og_site_name":"Mijas Homes","article_modified_time":"2024-08-30T08:36:14+00:00","og_image":[{"width":1080,"height":491,"url":"https:\/\/mijas-homes.com\/wp-content\/uploads\/sites\/36\/2022\/03\/Mijas_Homes_Terrace.jpg","type":"image\/jpeg"}],"twitter_card":"summary_large_image","twitter_misc":{"Szacowany czas czytania":"3 minuty"},"schema":{"@context":"https:\/\/schema.org","@graph":[{"@type":"WebPage","@id":"https:\/\/mijas-homes.com\/locatie\/","url":"https:\/\/mijas-homes.com\/locatie\/","name":"Lokalizacja - Domy Mijas","isPartOf":{"@id":"https:\/\/mijas-homes.com\/#website"},"primaryImageOfPage":{"@id":"https:\/\/mijas-homes.com\/locatie\/#primaryimage"},"image":{"@id":"https:\/\/mijas-homes.com\/locatie\/#primaryimage"},"thumbnailUrl":"https:\/\/mijas-homes.com\/wp-content\/uploads\/sites\/36\/2022\/03\/Mijas_Homes_Terrace.jpg","datePublished":"2022-01-27T10:58:35+00:00","dateModified":"2024-08-30T08:36:14+00:00","breadcrumb":{"@id":"https:\/\/mijas-homes.com\/locatie\/#breadcrumb"},"inLanguage":"pl-PL","potentialAction":[{"@type":"ReadAction","target":["https:\/\/mijas-homes.com\/locatie\/"]}]},{"@type":"ImageObject","inLanguage":"pl-PL","@id":"https:\/\/mijas-homes.com\/locatie\/#primaryimage","url":"https:\/\/mijas-homes.com\/wp-content\/uploads\/sites\/36\/2022\/03\/Mijas_Homes_Terrace.jpg","contentUrl":"https:\/\/mijas-homes.com\/wp-content\/uploads\/sites\/36\/2022\/03\/Mijas_Homes_Terrace.jpg","width":1080,"height":491},{"@type":"BreadcrumbList","@id":"https:\/\/mijas-homes.com\/locatie\/#breadcrumb","itemListElement":[{"@type":"ListItem","position":1,"name":"Home","item":"https:\/\/mijas-homes.com\/"},{"@type":"ListItem","position":2,"name":"Locatie"}]},{"@type":"WebSite","@id":"https:\/\/mijas-homes.com\/#website","url":"https:\/\/mijas-homes.com\/","name":"Domy Mijasa","description":"Domy Slow Living","potentialAction":[{"@type":"SearchAction","target":{"@type":"EntryPoint","urlTemplate":"https:\/\/mijas-homes.com\/?s={search_term_string}"},"query-input":{"@type":"PropertyValueSpecification","valueRequired":true,"valueName":"search_term_string"}}],"inLanguage":"pl-PL"}]}},"_links":{"self":[{"href":"https:\/\/mijas-homes.com\/pl\/wp-json\/wp\/v2\/pages\/97","targetHints":{"allow":["GET"]}}],"collection":[{"href":"https:\/\/mijas-homes.com\/pl\/wp-json\/wp\/v2\/pages"}],"about":[{"href":"https:\/\/mijas-homes.com\/pl\/wp-json\/wp\/v2\/types\/page"}],"author":[{"embeddable":true,"href":"https:\/\/mijas-homes.com\/pl\/wp-json\/wp\/v2\/users\/1"}],"replies":[{"embeddable":true,"href":"https:\/\/mijas-homes.com\/pl\/wp-json\/wp\/v2\/comments?post=97"}],"version-history":[{"count":29,"href":"https:\/\/mijas-homes.com\/pl\/wp-json\/wp\/v2\/pages\/97\/revisions"}],"predecessor-version":[{"id":4476,"href":"https:\/\/mijas-homes.com\/pl\/wp-json\/wp\/v2\/pages\/97\/revisions\/4476"}],"wp:featuredmedia":[{"embeddable":true,"href":"https:\/\/mijas-homes.com\/pl\/wp-json\/wp\/v2\/media\/4428"}],"wp:attachment":[{"href":"https:\/\/mijas-homes.com\/pl\/wp-json\/wp\/v2\/media?parent=97"}],"curies":[{"name":"wp","href":"https:\/\/api.w.org\/{rel}","templated":true}]}}